{"id":938,"date":"2016-11-09T19:56:52","date_gmt":"2016-11-10T00:56:52","guid":{"rendered":"http:\/\/dev.nu-motion.com\/wordpress\/?page_id=938"},"modified":"2016-12-07T19:28:48","modified_gmt":"2016-12-08T00:28:48","slug":"stand-curveboard","status":"publish","type":"page","link":"https:\/\/nu-motion.com\/?page_id=938","title":{"rendered":"STAND Curveboard"},"content":{"rendered":"<h1>STAND Curveboard<\/h1>\n<p>Un stand sp\u00e9cialement con\u00e7u pour le curveboard REVO 1. Ce stand permet au clavi\u00e9riste d\u2019utiliser tous les avantages de jeu du curveboard.<\/p>\n","protected":false},"excerpt":{"rendered":"<p>STAND Curveboard Un stand sp\u00e9cialement con\u00e7u pour le curveboard REVO 1. Ce stand permet au clavi\u00e9riste d\u2019utiliser tous les avantages de jeu du curveboard.<\/p>\n","protected":false},"author":1,"featured_media":0,"parent":0,"menu_order":0,"comment_status":"closed","ping_status":"closed","template":"","meta":{"kt_blocks_editor_width":"","footnotes":""},"class_list":["post-938","page","type-page","status-publish","hentry"],"_links":{"self":[{"href":"https:\/\/nu-motion.com\/index.php?rest_route=\/wp\/v2\/pages\/938","targetHints":{"allow":["GET"]}}],"collection":[{"href":"https:\/\/nu-motion.com\/index.php?rest_route=\/wp\/v2\/pages"}],"about":[{"href":"https:\/\/nu-motion.com\/index.php?rest_route=\/wp\/v2\/types\/page"}],"author":[{"embeddable":true,"href":"https:\/\/nu-motion.com\/index.php?rest_route=\/wp\/v2\/users\/1"}],"replies":[{"embeddable":true,"href":"https:\/\/nu-motion.com\/index.php?rest_route=%2Fwp%2Fv2%2Fcomments&post=938"}],"version-history":[{"count":2,"href":"https:\/\/nu-motion.com\/index.php?rest_route=\/wp\/v2\/pages\/938\/revisions"}],"predecessor-version":[{"id":1074,"href":"https:\/\/nu-motion.com\/index.php?rest_route=\/wp\/v2\/pages\/938\/revisions\/1074"}],"wp:attachment":[{"href":"https:\/\/nu-motion.com\/index.php?rest_route=%2Fwp%2Fv2%2Fmedia&parent=938"}],"curies":[{"name":"wp","href":"https:\/\/api.w.org\/{rel}","templated":true}]}}