{"id":934,"date":"2016-11-09T19:46:46","date_gmt":"2016-11-10T00:46:46","guid":{"rendered":"http:\/\/dev.nu-motion.com\/wordpress\/?page_id=934"},"modified":"2017-02-12T12:22:20","modified_gmt":"2017-02-12T17:22:20","slug":"compagnie","status":"publish","type":"page","link":"https:\/\/nu-motion.com\/?page_id=934","title":{"rendered":"Compagnie"},"content":{"rendered":"<h2>\u00c0 propos des claviers NuMotion<\/h2>\n<p>Claviers NuMotion est un manufacturier canadien, localis\u00e9 \u00e0 Montr\u00e9al, QC, Canada. Apr\u00e8s plusieurs ann\u00e9es de recherche et d\u00e9veloppement, l\u2019entreprise a compl\u00e9t\u00e9 au cours des derni\u00e8res ann\u00e9es la mise au point d&#8217;un nouveau concept de clavier portable tout \u00e0 fait innovateur, par son design unique et sa conception ergonomique brevet\u00e9.<\/p>\n<p>L\u2019entreprise a pris naissance \u00e0 partir d\u2019une id\u00e9e originale de M. Mario Brun, un concepteur chevronn\u00e9, qui est bien connu pour son esprit innovateur. M. Brun est aussi un clavi\u00e9riste d\u2019exp\u00e9rience. M.Brun a remarqu\u00e9 au cours des ann\u00e9es qu\u2019il manquait vraiment un type de clavier pour les prestations \u00ab live \u00bb. C\u2019est ainsi qu\u2019est apparu le nouveau concept de clavier portable ergonomique qui permet une libert\u00e9 compl\u00e8te de mouvement et de d\u00e9placement tout en jouant des deux mains.<\/p>\n<p>L\u2019\u00e9quipe de NuMotion souhaite maintenant partager le plaisir du clavier avec une toute nouvelle libert\u00e9 d\u2019expression. Comme fabricant canadien de clavier musical, NuMotion a pour mission de produire des instruments de haute qualit\u00e9. Les claviers ont \u00e9t\u00e9 con\u00e7us avec un objectif de simplicit\u00e9 et d\u2019endurance pour la performance sur sc\u00e8ne.<\/p>\n<h2>Simplicit\u00e9 &amp; Endurance pour la performance sur sc\u00e8ne<\/h2>\n<p>L\u2019\u00e9quipe de NuMotion souhaite maintenant partager le plaisir du clavier avec une toute nouvelle libert\u00e9 d\u2019expression. Comme fabricant canadien de clavier musical, NuMotion a pour mission de produire des instruments de haute qualit\u00e9. Les claviers ont \u00e9t\u00e9 con\u00e7us avec un objectif de simplicit\u00e9 et d\u2019endurance pour la performance sur sc\u00e8ne.<\/p>\n<p>\t<iframe loading=\"lazy\" width=\"1140\" height=\"641\" src=\"https:\/\/www.youtube.com\/embed\/kgnrmeRNDlE?start=24&#038;feature=oembed\" frameborder=\"0\" allowfullscreen><\/iframe><\/p>\n","protected":false},"excerpt":{"rendered":"<p>\u00c0 propos des claviers NuMotion Claviers NuMotion est un manufacturier canadien, localis\u00e9 \u00e0 Montr\u00e9al, QC, Canada. Apr\u00e8s plusieurs ann\u00e9es de recherche et d\u00e9veloppement, l\u2019entreprise a compl\u00e9t\u00e9 au cours des derni\u00e8res ann\u00e9es la mise au point d&#8217;un nouveau concept de clavier &hellip; <a class=\"kt-excerpt-readmore\" href=\"https:\/\/nu-motion.com\/?page_id=934\" aria-label=\"Compagnie\">Read More<\/a><\/p>\n","protected":false},"author":1,"featured_media":0,"parent":0,"menu_order":0,"comment_status":"closed","ping_status":"closed","template":"page-fullwidth.php","meta":{"kt_blocks_editor_width":"","footnotes":""},"class_list":["post-934","page","type-page","status-publish","hentry"],"_links":{"self":[{"href":"https:\/\/nu-motion.com\/index.php?rest_route=\/wp\/v2\/pages\/934","targetHints":{"allow":["GET"]}}],"collection":[{"href":"https:\/\/nu-motion.com\/index.php?rest_route=\/wp\/v2\/pages"}],"about":[{"href":"https:\/\/nu-motion.com\/index.php?rest_route=\/wp\/v2\/types\/page"}],"author":[{"embeddable":true,"href":"https:\/\/nu-motion.com\/index.php?rest_route=\/wp\/v2\/users\/1"}],"replies":[{"embeddable":true,"href":"https:\/\/nu-motion.com\/index.php?rest_route=%2Fwp%2Fv2%2Fcomments&post=934"}],"version-history":[{"count":9,"href":"https:\/\/nu-motion.com\/index.php?rest_route=\/wp\/v2\/pages\/934\/revisions"}],"predecessor-version":[{"id":2160,"href":"https:\/\/nu-motion.com\/index.php?rest_route=\/wp\/v2\/pages\/934\/revisions\/2160"}],"wp:attachment":[{"href":"https:\/\/nu-motion.com\/index.php?rest_route=%2Fwp%2Fv2%2Fmedia&parent=934"}],"curies":[{"name":"wp","href":"https:\/\/api.w.org\/{rel}","templated":true}]}}