{"id":2800,"date":"2020-01-19T07:39:20","date_gmt":"2020-01-19T12:39:20","guid":{"rendered":"http:\/\/nu-motion.com\/?page_id=2800"},"modified":"2021-09-21T14:46:34","modified_gmt":"2021-09-21T18:46:34","slug":"alessia-priolo","status":"publish","type":"page","link":"https:\/\/nu-motion.com\/?page_id=2800","title":{"rendered":"Alessia Priolo"},"content":{"rendered":"\n\n\t<h1>Alessia Priolo<\/h1>\n<figure><\/figure>\n\n<h3>Pianiste, Clavi\u00e9riste, Compositrice et Promotrice de concerts<\/h3>\n<p>Alessia est une pianiste, clavi\u00e9riste et compositrice montr\u00e9alaise. Elle a commenc\u00e9 \u00e0 jouer du piano \u00e0 l&#8217;\u00e2ge de 10 ans et a poursuivi des \u00e9tudes de musique classique au c\u00e9l\u00e8bre conservatoire de musique &#8220;Arturo Toscanini&#8221; en Italie. Alessia a d\u00e9m\u00e9nag\u00e9 \u00e0 Montr\u00e9al en 2009 et s&#8217;est depuis produite dans certains des lieux, pubs et \u00e9v\u00e9nements corporatifs les plus embl\u00e9matiques de la ville. Vous ne la surprendrez pas assise derri\u00e8re un clavier. Alessia aime jouer des claviers mobiles qui lui donnent la libert\u00e9 de mouvement. En 2018, elle sort son EP solo instrumento-cin\u00e9matographique \u00abRebirth\u00bb. Sa musique s&#8217;inspire des musiques de films, du rock et du m\u00e9tal symphonique.<\/p>\n<p>Alessia travaille actuellement sur les prochaines sorties avec ses diff\u00e9rents projets musicaux. Elle a \u00e9t\u00e9 pr\u00e9sent\u00e9e dans Panoram Italia Magazine et Concordia University Magazine pour ses r\u00e9alisations en tant que musicienne et entrepreneure. Alessia est tr\u00e8s impliqu\u00e9e dans la sc\u00e8ne musicale montr\u00e9alaise non seulement en tant qu&#8217;interpr\u00e8te, mais aussi en tant que promoteur de concerts et pr\u00e9sident de la Fondation Sincop8ed Noize, un organisme \u00e0 but non lucratif dont la mission est de soutenir, promouvoir et d\u00e9velopper les musiciens \u00e9mergents.<\/p>\n\n<figure>\n\n\n<p>&nbsp;<\/p>\n<\/figure>\n\t<iframe loading=\"lazy\" title=\"Muse Medley on REVO1 Curveboard (New Born + MK Ultra + Undisclosed Desires)\" width=\"1140\" height=\"641\" src=\"https:\/\/www.youtube.com\/embed\/RTxmjqm08IA?list=PL8BB26EE0752A753E\" frameborder=\"0\" allow=\"accelerometer; autoplay; clipboard-write; encrypted-media; gyroscope; picture-in-picture\" allowfullscreen><\/iframe>\n\t<iframe loading=\"lazy\" title=\"&quot;I Will Survive&quot; (Gloria Gaynor) - Cover by NUmotion Artists on REVO1 Curveboard\" width=\"1140\" height=\"641\" src=\"https:\/\/www.youtube.com\/embed\/uwyBCjWGR0A?list=PL8BB26EE0752A753E\" frameborder=\"0\" allow=\"accelerometer; autoplay; clipboard-write; encrypted-media; gyroscope; picture-in-picture\" allowfullscreen><\/iframe>\n\n","protected":false},"excerpt":{"rendered":"<p>Alessia Priolo Pianiste, Clavi\u00e9riste, Compositrice et Promotrice de concerts Alessia est une pianiste, clavi\u00e9riste et compositrice montr\u00e9alaise. Elle a commenc\u00e9 \u00e0 jouer du piano \u00e0 l&#8217;\u00e2ge de 10 ans et a poursuivi des \u00e9tudes de musique classique au c\u00e9l\u00e8bre conservatoire &hellip; <a class=\"kt-excerpt-readmore\" href=\"https:\/\/nu-motion.com\/?page_id=2800\" aria-label=\"Alessia Priolo\">Read More<\/a><\/p>\n","protected":false},"author":1,"featured_media":0,"parent":0,"menu_order":0,"comment_status":"closed","ping_status":"closed","template":"page-fullwidth.php","meta":{"kt_blocks_editor_width":"","footnotes":""},"class_list":["post-2800","page","type-page","status-publish","hentry"],"_links":{"self":[{"href":"https:\/\/nu-motion.com\/index.php?rest_route=\/wp\/v2\/pages\/2800","targetHints":{"allow":["GET"]}}],"collection":[{"href":"https:\/\/nu-motion.com\/index.php?rest_route=\/wp\/v2\/pages"}],"about":[{"href":"https:\/\/nu-motion.com\/index.php?rest_route=\/wp\/v2\/types\/page"}],"author":[{"embeddable":true,"href":"https:\/\/nu-motion.com\/index.php?rest_route=\/wp\/v2\/users\/1"}],"replies":[{"embeddable":true,"href":"https:\/\/nu-motion.com\/index.php?rest_route=%2Fwp%2Fv2%2Fcomments&post=2800"}],"version-history":[{"count":12,"href":"https:\/\/nu-motion.com\/index.php?rest_route=\/wp\/v2\/pages\/2800\/revisions"}],"predecessor-version":[{"id":2976,"href":"https:\/\/nu-motion.com\/index.php?rest_route=\/wp\/v2\/pages\/2800\/revisions\/2976"}],"wp:attachment":[{"href":"https:\/\/nu-motion.com\/index.php?rest_route=%2Fwp%2Fv2%2Fmedia&parent=2800"}],"curies":[{"name":"wp","href":"https:\/\/api.w.org\/{rel}","templated":true}]}}