{"id":2729,"date":"2019-11-28T07:18:04","date_gmt":"2019-11-28T12:18:04","guid":{"rendered":"http:\/\/nu-motion.com\/?page_id=2729"},"modified":"2019-11-30T14:40:13","modified_gmt":"2019-11-30T19:40:13","slug":"analyse-cris-rodriguez","status":"publish","type":"page","link":"https:\/\/nu-motion.com\/?page_id=2729","title":{"rendered":"Analyse Cris Rodriguez"},"content":{"rendered":"\n\t<h4><img loading=\"lazy\" decoding=\"async\" src=\"http:\/\/nu-motion.com\/wp-content\/uploads\/2019\/11\/Revue-REVO.jpg\" alt=\"\" width=\"1124\" height=\"511\" \/>Pianiste professionnel et professeur de conservatoire<\/h4>\n<h5><em>Cofondateur de Maldito Piano <a href=\"https:\/\/malditopiano.com\">https:\/\/malditopiano.com<\/a> (portail\/forum en Espagnol)<\/em><\/h5>\n<p>Lorsque je peux faire une pause dans mon travail, je quitte ce monde et participe \u00e0 des projets aussi \u00e9tonnants que le Jordan Rudess KeyFest ou le Rockin&#8217;1000. Je ne sais pas comment vivre sans musique, alors je passe aussi mon temps libre \u00e0 des publications et tutoriels.<\/p>\n<p>Si vous pensiez que tout a \u00e9t\u00e9 invent\u00e9 dans le domaine des claviers ou des contr\u00f4leurs MIDI, vous avez tort. La preuve en est avec le Nu-Motion REVO1 que vous avez peut-\u00eatre vu utilis\u00e9s par des artistes de renomm\u00e9e mondiale comme Jordan Rudess.<\/p>\n<p>Nous avons parl\u00e9 dans un pr\u00e9c\u00e9dent post des avantages qu&#8217;un piano courbe peut avoir. Le principal avantage qu&#8217;il offre en toute ergonomie la possibilit\u00e9 de jouer avec les deux mains en mouvement, ce qui n\u2019est pas le cas pour les Keytars.<\/p>\n<p>Par contre, \u00e0 part le keytar, il est difficile de trouver un clavier que l\u2019on peut facilement emporter n\u2019importe o\u00f9, qui offre une libert\u00e9 sur sc\u00e8ne et qui est tr\u00e8s l\u00e9ger. Le REVO1 ne r\u00e9pond pas seulement \u00e0 ces exigences mais les d\u00e9passe, gr\u00e2ce \u00e0 son syst\u00e8me innovateur de soutien qui lui permet d&#8217;\u00eatre accroch\u00e9 au corps et \u00e0 son support unique pour jouer \u00e0 l&#8217;arr\u00eat comme en mouvement.<\/p>\n<p>De plus, qu&#8217;est-ce qui peut donner plus de mobilit\u00e9 qu\u2019aucun c\u00e2bles? Le REVO1 est sans fil, en int\u00e8grant un \u00e9metteur et un r\u00e9cepteur qui vous permet de vous d\u00e9placer \u00e0 votre guise sur la sc\u00e8ne ou dans votre salle de pratique, sans vous limiter \u00e0 cause des c\u00e2bles g\u00eanants. Et si cela ne suffisait pas, en plus la p\u00e9dale de sustain est \u00e9galement sans fil! Et c&#8217;est une p\u00e9dale de haute qualit\u00e9, qui simule la p\u00e9dale de piano acoustique.<\/p>\n<p>Pour ceux qui ne veulent pas utiliser le \u00absans fil\u00bb, il a deux autres options: la premi\u00e8re \u00e9tant de se connecter via un c\u00e2ble MIDI \u00e0 un autre clavier autonome, tel qu\u2019un poste de travail, et la seconde option, de se connecter avec le c\u00e2ble USB PC ou Ordinateur Mac.<\/p>\n<p>Outre le confort d&#8217;\u00eatre courb\u00e9 et sans fil, il pr\u00e9sente \u00e9galement plusieurs avantages en termes de configuration.<\/p>\n<p>Il est livr\u00e9 avec un CD, et le logiciel est facile \u00e0 installer et fonctionne \u00e0 la fois pour Mac et Windows.<\/p>\n<p>Une autre particularit\u00e9 de Nu-Motion Revo1 est qu\u2019il peut acc\u00e9der aux biblioth\u00e8ques que vous utilisez avec vos programmes habituels.<\/p>\n<p>En ce qui concerne les piles, vous avez \u00e9galement deux options: la premi\u00e8re consiste \u00e0 recharger des piles rechargeables int\u00e9gr\u00e9es en se branchant sur votre ordinateur ou avec un adaptateur mural standard de 5 volts et la seconde \u00e0 des piles conventionnelles. Quant \u00e0 son autonomie, on parle d\u2019une dur\u00e9e de plus de 12 heures.<\/p>\n<p>Pour ce qui est des fonctionnalit\u00e9s, il poss\u00e8de les fonctions split et layer, un s\u00e9quenceur, le bouton de mouvement (effet d\u00e9clencheur), une transposition de (+ -) 12 demi-tons, des boutons de commande individuels et ind\u00e9pendants, un \u00e9cran LCD, le contr\u00f4le au clavier d\u2019appels de vos sons \/ patch pr\u00e9f\u00e9r\u00e9s, une molette de pitch, curseur de modulation et beaucoup plus encore\u2026<\/p>\n<p>Vous pouvez voir l&#8217;analyse originale en espagnol:<\/p>\n<p><a href=\"https:\/\/malditopiano.com\/actualidad\/revo1-teclado-curvo-numotion\">https:\/\/malditopiano.com\/actualidad\/revo1-teclado-curvo-numotion<\/a><\/p>\n<p>&nbsp;<\/p>\n","protected":false},"excerpt":{"rendered":"<p>Pianiste professionnel et professeur de conservatoire Cofondateur de Maldito Piano https:\/\/malditopiano.com (portail\/forum en Espagnol) Lorsque je peux faire une pause dans mon travail, je quitte ce monde et participe \u00e0 des projets aussi \u00e9tonnants que le Jordan Rudess KeyFest ou &hellip; <a class=\"kt-excerpt-readmore\" href=\"https:\/\/nu-motion.com\/?page_id=2729\" aria-label=\"Analyse Cris Rodriguez\">Read More<\/a><\/p>\n","protected":false},"author":1,"featured_media":0,"parent":0,"menu_order":0,"comment_status":"closed","ping_status":"closed","template":"","meta":{"kt_blocks_editor_width":"","footnotes":""},"class_list":["post-2729","page","type-page","status-publish","hentry"],"_links":{"self":[{"href":"https:\/\/nu-motion.com\/index.php?rest_route=\/wp\/v2\/pages\/2729","targetHints":{"allow":["GET"]}}],"collection":[{"href":"https:\/\/nu-motion.com\/index.php?rest_route=\/wp\/v2\/pages"}],"about":[{"href":"https:\/\/nu-motion.com\/index.php?rest_route=\/wp\/v2\/types\/page"}],"author":[{"embeddable":true,"href":"https:\/\/nu-motion.com\/index.php?rest_route=\/wp\/v2\/users\/1"}],"replies":[{"embeddable":true,"href":"https:\/\/nu-motion.com\/index.php?rest_route=%2Fwp%2Fv2%2Fcomments&post=2729"}],"version-history":[{"count":4,"href":"https:\/\/nu-motion.com\/index.php?rest_route=\/wp\/v2\/pages\/2729\/revisions"}],"predecessor-version":[{"id":2760,"href":"https:\/\/nu-motion.com\/index.php?rest_route=\/wp\/v2\/pages\/2729\/revisions\/2760"}],"wp:attachment":[{"href":"https:\/\/nu-motion.com\/index.php?rest_route=%2Fwp%2Fv2%2Fmedia&parent=2729"}],"curies":[{"name":"wp","href":"https:\/\/api.w.org\/{rel}","templated":true}]}}