{"id":2687,"date":"2019-09-19T19:39:27","date_gmt":"2019-09-19T23:39:27","guid":{"rendered":"http:\/\/nu-motion.com\/?page_id=2687"},"modified":"2021-09-21T14:32:22","modified_gmt":"2021-09-21T18:32:22","slug":"dan-bigras-2","status":"publish","type":"page","link":"https:\/\/nu-motion.com\/?page_id=2687","title":{"rendered":"Dan Bigras"},"content":{"rendered":"\n\n\t<h1>Dan Bigras<\/h1>\n<h3><strong><img loading=\"lazy\" decoding=\"async\" src=\"http:\/\/nu-motion.com\/wp-content\/uploads\/2019\/09\/Dan-Bigras-REVO1-FB-Dan-1-300x300.jpg\" alt=\"\" width=\"229\" height=\"229\" \/>Com\u00e9dien, Compositeur, Interpr\u00e8te, Pianiste et Clavi\u00e9riste<\/strong><\/h3>\n<p>D\u00e8s le milieu des ann\u00e9es 80, Dan devient une force vive de la sc\u00e8ne rock qu\u00e9b\u00e9coise. En 1990, il lance Ange animal, son premier album. Deux ans plus tard, il pr\u00e9sente Tue-moi qu&#8217;il a enti\u00e8rement r\u00e9alis\u00e9. L&#8217;album se vend \u00e0 plus de 80 000 exemplaires et remporte le F\u00e9lix de l&#8217;album rock de l&#8217;ann\u00e9e. En 1993, il sort Les immortelles, o\u00f9 il reprend \u00e0 sa mani\u00e8re les chansons que sa m\u00e8re aimait \u00e9couter. Il signe ensuite les arrangements de l&#8217;album posthume de Gerry Boulet. Suivent Le fou du diable et Le chien qu&#8217;il a r\u00e9alis\u00e9 et produit.<\/p>\n<p>Puis 2003 est l&#8217;ann\u00e9e de Tout qui rassemble duos m\u00e9morables et moments forts des derni\u00e8res ann\u00e9es. En 2005, il revient en force avec\u00a0<em>Fou<\/em>, un album tr\u00e8s pr\u00e8s de lui et dont il signe paroles et musiques. 2008,\u00a0<strong>Duos de la Tendresse<\/strong>, r\u00e9unissant les plus jolies voix f\u00e9minines du Qu\u00e9bec. Seulement quelques semaines apr\u00e8s sa sortie, l&#8217;album est certifi\u00e9 Or. Finalement automne 2009, un an \u00e0 peine s&#8217;est \u00e9coul\u00e9 apr\u00e8s\u00a0<strong>Duos de la Tendresse<\/strong>\u00a0et Dan r\u00e9alise un fantasme, son tout dernier album\u00a0<strong>FAN<\/strong>. Cet album regroupe les plus grands succ\u00e8s de la musique noire am\u00e9ricaine que Dan a interpr\u00e9t\u00e9 pendant plus de 15 ans dans les bars. Il y est accompagn\u00e9 des musiciens du MTL All City Big Band.<\/p>\n<p>Depuis 20 ans, Dan Bigras en est le porte-parole et organise chaque ann\u00e9e le c\u00e9l\u00e8bre\u00a0<strong>Show du Refuge<\/strong>\u00a0qui amasse des fonds pour venir en aide aux jeunes de 17 \u00e0 24 ans. Id\u00e9aliste mais terre-\u00e0-terre : on reconna\u00eet bien l\u00e0 Dan Bigras!<\/p>\n<p>Au fil des ans,\u00a0<strong>Dan Bigras<\/strong>\u00a0a re\u00e7u de nombreux prix et nominations; 7 F\u00e9lix et de multiples nominations aux G\u00e9meaux, Geminis et Genies, ainsi qu&#8217;\u00e0 l&#8217;ADISQ. Il a \u00e9galement \u00e9t\u00e9 proclam\u00e9 Artiste pour la paix de l&#8217;ann\u00e9e 2007. L&#8217;ann\u00e9e 2008 fut tr\u00e8s r\u00e9v\u00e9latrice de sa grande implication aupr\u00e8s de la soci\u00e9t\u00e9, en \u00e9tant proclam\u00e9 Artisan de la paix du YMCA, grad\u00e9 Chevalier de l&#8217;Ordre de la francophonie et du dialogue des cultures ainsi que nomm\u00e9 Membre honoraire de l&#8217;Ordre professionnel des travailleurs sociaux du Qu\u00e9bec.<\/p>\n\n\n\n\n<p>&nbsp;<\/p>\n\n","protected":false},"excerpt":{"rendered":"<p>Dan Bigras Com\u00e9dien, Compositeur, Interpr\u00e8te, Pianiste et Clavi\u00e9riste D\u00e8s le milieu des ann\u00e9es 80, Dan devient une force vive de la sc\u00e8ne rock qu\u00e9b\u00e9coise. En 1990, il lance Ange animal, son premier album. Deux ans plus tard, il pr\u00e9sente Tue-moi &hellip; <a class=\"kt-excerpt-readmore\" href=\"https:\/\/nu-motion.com\/?page_id=2687\" aria-label=\"Dan Bigras\">Read More<\/a><\/p>\n","protected":false},"author":2,"featured_media":0,"parent":0,"menu_order":0,"comment_status":"closed","ping_status":"closed","template":"page-fullwidth.php","meta":{"kt_blocks_editor_width":"","footnotes":""},"class_list":["post-2687","page","type-page","status-publish","hentry"],"_links":{"self":[{"href":"https:\/\/nu-motion.com\/index.php?rest_route=\/wp\/v2\/pages\/2687","targetHints":{"allow":["GET"]}}],"collection":[{"href":"https:\/\/nu-motion.com\/index.php?rest_route=\/wp\/v2\/pages"}],"about":[{"href":"https:\/\/nu-motion.com\/index.php?rest_route=\/wp\/v2\/types\/page"}],"author":[{"embeddable":true,"href":"https:\/\/nu-motion.com\/index.php?rest_route=\/wp\/v2\/users\/2"}],"replies":[{"embeddable":true,"href":"https:\/\/nu-motion.com\/index.php?rest_route=%2Fwp%2Fv2%2Fcomments&post=2687"}],"version-history":[{"count":7,"href":"https:\/\/nu-motion.com\/index.php?rest_route=\/wp\/v2\/pages\/2687\/revisions"}],"predecessor-version":[{"id":2977,"href":"https:\/\/nu-motion.com\/index.php?rest_route=\/wp\/v2\/pages\/2687\/revisions\/2977"}],"wp:attachment":[{"href":"https:\/\/nu-motion.com\/index.php?rest_route=%2Fwp%2Fv2%2Fmedia&parent=2687"}],"curies":[{"name":"wp","href":"https:\/\/api.w.org\/{rel}","templated":true}]}}