{"id":2670,"date":"2019-09-19T19:25:12","date_gmt":"2019-09-19T23:25:12","guid":{"rendered":"http:\/\/nu-motion.com\/?page_id=2670"},"modified":"2019-11-30T14:43:47","modified_gmt":"2019-11-30T19:43:47","slug":"cris-rodriguez","status":"publish","type":"page","link":"https:\/\/nu-motion.com\/?page_id=2670","title":{"rendered":"Cris Rodriguez"},"content":{"rendered":"\n\t<h1>Chris Rodriguez<\/h1>\n<h3><\/h3>\n<h3><img loading=\"lazy\" decoding=\"async\" src=\"http:\/\/nu-motion.com\/wp-content\/uploads\/2019\/08\/Cris-Rodiguez-Revo1-227x300.jpg\" alt=\"\" width=\"227\" height=\"300\" \/>Pianiste and Clavi\u00e9riste \/ Jazz BigBand \/ Rockin\u20191000<\/h3>\n<p>Cris\u00a0a commenc\u00e9 \u00e0 jouer du piano tr\u00e8s jeune, puis \u00e0 8 ans elle a commenc\u00e9 \u00e0 \u00e9tudier au conservatoire. Apr\u00e8s avoir termin\u00e9 ses \u00e9tudes de piano et ses \u00e9tudes de master, elle a termin\u00e9 sa carri\u00e8re dans des classes de ma\u00eetre avec d\u2019importants pianistes et enseignants tels que Mercedes Goicoa, Katia Veekmans, Guillermo Gonz\u00e1lez, Pikul, Hancock et bien d\u2019autres. Elle participe \u00e0 pr\u00e9sent \u00e0 des projets internationaux comme le Jordan Rudess Keyfest avec d\u2019autres artistes tels que Otmaro Ruiz, Rosenthal ou Tom Brislin. Elle a \u00e9t\u00e9 finaliste de diff\u00e9rents concours de piano et a remport\u00e9 le TalentShow sponsoris\u00e9 par Desperados (Unleash2017). Elle aime jouer diff\u00e9rents styles de musique (classique, jazz, rock, m\u00e9tal\u2026). Elle a aussi \u00e9tudi\u00e9 le jazz et enregistr\u00e9 un album avec Jazz BigBand. Elle fait maintenant partie des mille musiciens de Rockin\u20191000. Son dernier projet est Maldito Piano, un portail Web en espagnol d\u00e9di\u00e9 au piano, aux claviers et aux joueurs.<\/p>\n<p><a href=\"https:\/\/www.facebook.com\/CrisrodriguezPiano\/\">https:\/\/www.facebook.com\/CrisrodriguezPiano\/<\/a><\/p>\n<p><a href=\"https:\/\/malditopiano.com\/\">https:\/\/malditopiano.com\/<\/a><\/p>\n<p><a href=\"http:\/\/nu-motion.com\/?page_id=2729\">Revue du produit REVO 1<\/a><\/p>\n","protected":false},"excerpt":{"rendered":"<p>Chris Rodriguez Pianiste and Clavi\u00e9riste \/ Jazz BigBand \/ Rockin\u20191000 Cris\u00a0a commenc\u00e9 \u00e0 jouer du piano tr\u00e8s jeune, puis \u00e0 8 ans elle a commenc\u00e9 \u00e0 \u00e9tudier au conservatoire. Apr\u00e8s avoir termin\u00e9 ses \u00e9tudes de piano et ses \u00e9tudes de &hellip; <a class=\"kt-excerpt-readmore\" href=\"https:\/\/nu-motion.com\/?page_id=2670\" aria-label=\"Cris Rodriguez\">Read More<\/a><\/p>\n","protected":false},"author":2,"featured_media":0,"parent":1101,"menu_order":0,"comment_status":"closed","ping_status":"closed","template":"page-fullwidth.php","meta":{"kt_blocks_editor_width":"","footnotes":""},"class_list":["post-2670","page","type-page","status-publish","hentry"],"_links":{"self":[{"href":"https:\/\/nu-motion.com\/index.php?rest_route=\/wp\/v2\/pages\/2670","targetHints":{"allow":["GET"]}}],"collection":[{"href":"https:\/\/nu-motion.com\/index.php?rest_route=\/wp\/v2\/pages"}],"about":[{"href":"https:\/\/nu-motion.com\/index.php?rest_route=\/wp\/v2\/types\/page"}],"author":[{"embeddable":true,"href":"https:\/\/nu-motion.com\/index.php?rest_route=\/wp\/v2\/users\/2"}],"replies":[{"embeddable":true,"href":"https:\/\/nu-motion.com\/index.php?rest_route=%2Fwp%2Fv2%2Fcomments&post=2670"}],"version-history":[{"count":7,"href":"https:\/\/nu-motion.com\/index.php?rest_route=\/wp\/v2\/pages\/2670\/revisions"}],"predecessor-version":[{"id":2808,"href":"https:\/\/nu-motion.com\/index.php?rest_route=\/wp\/v2\/pages\/2670\/revisions\/2808"}],"up":[{"embeddable":true,"href":"https:\/\/nu-motion.com\/index.php?rest_route=\/wp\/v2\/pages\/1101"}],"wp:attachment":[{"href":"https:\/\/nu-motion.com\/index.php?rest_route=%2Fwp%2Fv2%2Fmedia&parent=2670"}],"curies":[{"name":"wp","href":"https:\/\/api.w.org\/{rel}","templated":true}]}}