{"id":2509,"date":"2019-01-25T16:01:34","date_gmt":"2019-01-25T21:01:34","guid":{"rendered":"http:\/\/nu-motion.com\/?page_id=2509"},"modified":"2019-01-27T11:55:13","modified_gmt":"2019-01-27T16:55:13","slug":"kevin-codfert-2-2","status":"publish","type":"page","link":"https:\/\/nu-motion.com\/?page_id=2509","title":{"rendered":"Claudio Simonetti"},"content":{"rendered":"\n<h1>Claudio Simonetti<\/h1>\n<h3><img loading=\"lazy\" decoding=\"async\" src=\"wp-content\/uploads\/2019\/01\/Claudio-Simonetti-225x300.jpg\" alt=\"\" width=\"225\" height=\"300\" \/><\/h3>\n<h3><strong>Compositeur, Keyboardist and multi-instrumentaliste \/ Goblin<\/strong><\/h3>\n<p>Claudio est n\u00e9 le\u00a0<a href=\"https:\/\/fr.wikipedia.org\/wiki\/19_f%C3%A9vrier\">19<\/a>\u00a0<a href=\"https:\/\/fr.wikipedia.org\/wiki\/F%C3%A9vrier_1952\">f\u00e9vrier<\/a>\u00a0<a href=\"https:\/\/fr.wikipedia.org\/wiki\/1952\">1952<\/a>\u00a0\u00e0\u00a0<a href=\"https:\/\/fr.wikipedia.org\/wiki\/S%C3%A3o_Paulo\">S\u00e3o Paulo<\/a>. Il est un compositeur de musique\u00a0<a href=\"https:\/\/fr.wikipedia.org\/wiki\/Italie\">italien<\/a>, sp\u00e9cialis\u00e9 depuis les\u00a0<a href=\"https:\/\/fr.wikipedia.org\/wiki\/Ann%C3%A9es_1970\">ann\u00e9es 1970<\/a>\u00a0dans les\u00a0<a href=\"https:\/\/fr.wikipedia.org\/wiki\/Musique_de_film\">musiques<\/a>\u00a0de\u00a0<a href=\"https:\/\/fr.wikipedia.org\/wiki\/Film_d%27horreur\">films d&#8217;horreur<\/a>\u00a0(italiens et\u00a0<a href=\"https:\/\/fr.wikipedia.org\/wiki\/%C3%89tats-Unis\">am\u00e9ricains<\/a>). Il est \u00e9galement le\u00a0<a href=\"https:\/\/fr.wikipedia.org\/wiki\/Clavi%C3%A9riste\">clavi\u00e9riste<\/a>\u00a0du groupe de\u00a0<a href=\"https:\/\/fr.wikipedia.org\/wiki\/Rock_progressif\">rock progressif<\/a>\u00a0<a href=\"https:\/\/fr.wikipedia.org\/wiki\/Goblin_(groupe)\">Goblin<\/a>, jusqu&#8217;\u00e0 sa\u00a0<a href=\"https:\/\/fr.wikipedia.org\/wiki\/Goblin_(groupe)#Biographie\">premi\u00e8re dissolution<\/a>\u00a0en 1979. Il a ensuite poursuivi sa carri\u00e8re solo en tant que musicien de\u00a0<a href=\"https:\/\/fr.wikipedia.org\/wiki\/Musique_%C3%A9lectronique\">musique \u00e9lectronique<\/a>, notamment au sein du groupe &#8220;Kasso&#8221;<a href=\"https:\/\/fr.wikipedia.org\/wiki\/Claudio_Simonetti#cite_note-1\">1<\/a>, qui connaitra des succ\u00e8s &#8220;Baby Doll&#8221; (1985) et\u00a0 &#8220;Walkman&#8221; (1982), titre souvent repris pour des indicatifs d&#8217;\u00e9missions de radio (<a href=\"https:\/\/fr.wikipedia.org\/wiki\/NRJ\">NRJ<\/a>&#8230;.) dans les ann\u00e9es 80.<\/p>\n<p>Il a notamment compos\u00e9 le th\u00e8me principal des films\u00a0<a href=\"https:\/\/fr.wikipedia.org\/wiki\/Phenomena\">Phenomena<\/a>\u00a0et\u00a0<a href=\"https:\/\/fr.wikipedia.org\/wiki\/T%C3%A9n%C3%A8bres_(film)\">T\u00e9n\u00e8bres<\/a>\u00a0de\u00a0<a href=\"https:\/\/fr.wikipedia.org\/wiki\/Dario_Argento\">Dario Argento<\/a>, et la\u00a0<a href=\"https:\/\/fr.wikipedia.org\/wiki\/Musique_de_film\">BO<\/a>\u00a0du film\u00a0<a href=\"https:\/\/fr.wikipedia.org\/wiki\/Conquest_(film,_1983)\">Conquest<\/a>\u00a0de\u00a0<a href=\"https:\/\/fr.wikipedia.org\/wiki\/Lucio_Fulci\">Lucio Fulci<\/a>.<\/p>\n<p><img loading=\"lazy\" decoding=\"async\" src=\"wp-content\/uploads\/2019\/01\/Claudio-Alessio-300x225.jpg\" alt=\"\" width=\"300\" height=\"225\" \/><\/p>\nEn 2010, Claudio s\u2019est de nouveau regroup\u00e9 avec ses anciens membres du groupe Goblin Massimo Moranti et Maurizio Guarani, ainsi que la section rythmique de son groupe Daemonia pour former le groupe New Goblin. Ils ont jou\u00e9 plusieurs concerts \u00e0 travers le monde. En fin 2013, la section rythmique de Daemonia prendra comme nouvelle banni\u00e8re Simonetti&#8217;s Goblin.\n<p>&nbsp;<\/p>\n<p><a href=\"https:\/\/www.facebook.com\/new.goblin.5\">https:\/\/www.facebook.com\/new.goblin.5<\/a><\/p>\n<p>https:\/\/www.facebook.com<a id=\"js_19v\" href=\"https:\/\/www.facebook.com\/profile.php?id=100015191744160\" aria-label=\"\" data-hover=\"\" data-tooltip-content=\"\" data-hovercard=\"\/ajax\/hovercard\/chat.php?id=100015191744160&amp;type=chat\" aria-describedby=\"u_3z_1\" aria-owns=\"\">\/Claudio Simonetti III<\/a><\/p>\n<p>&nbsp;<\/p>\n<p>&nbsp;<\/p>\n","protected":false},"excerpt":{"rendered":"<p>Claudio Simonetti Compositeur, Keyboardist and multi-instrumentaliste \/ Goblin Claudio est n\u00e9 le\u00a019\u00a0f\u00e9vrier\u00a01952\u00a0\u00e0\u00a0S\u00e3o Paulo. Il est un compositeur de musique\u00a0italien, sp\u00e9cialis\u00e9 depuis les\u00a0ann\u00e9es 1970\u00a0dans les\u00a0musiques\u00a0de\u00a0films d&#8217;horreur\u00a0(italiens et\u00a0am\u00e9ricains). Il est \u00e9galement le\u00a0clavi\u00e9riste\u00a0du groupe de\u00a0rock progressif\u00a0Goblin, jusqu&#8217;\u00e0 sa\u00a0premi\u00e8re dissolution\u00a0en 1979. Il a ensuite &hellip; <a class=\"kt-excerpt-readmore\" href=\"https:\/\/nu-motion.com\/?page_id=2509\" aria-label=\"Claudio Simonetti\">Read More<\/a><\/p>\n","protected":false},"author":2,"featured_media":0,"parent":0,"menu_order":0,"comment_status":"closed","ping_status":"closed","template":"page-fullwidth.php","meta":{"kt_blocks_editor_width":"","footnotes":""},"class_list":["post-2509","page","type-page","status-publish","hentry"],"_links":{"self":[{"href":"https:\/\/nu-motion.com\/index.php?rest_route=\/wp\/v2\/pages\/2509","targetHints":{"allow":["GET"]}}],"collection":[{"href":"https:\/\/nu-motion.com\/index.php?rest_route=\/wp\/v2\/pages"}],"about":[{"href":"https:\/\/nu-motion.com\/index.php?rest_route=\/wp\/v2\/types\/page"}],"author":[{"embeddable":true,"href":"https:\/\/nu-motion.com\/index.php?rest_route=\/wp\/v2\/users\/2"}],"replies":[{"embeddable":true,"href":"https:\/\/nu-motion.com\/index.php?rest_route=%2Fwp%2Fv2%2Fcomments&post=2509"}],"version-history":[{"count":14,"href":"https:\/\/nu-motion.com\/index.php?rest_route=\/wp\/v2\/pages\/2509\/revisions"}],"predecessor-version":[{"id":2544,"href":"https:\/\/nu-motion.com\/index.php?rest_route=\/wp\/v2\/pages\/2509\/revisions\/2544"}],"wp:attachment":[{"href":"https:\/\/nu-motion.com\/index.php?rest_route=%2Fwp%2Fv2%2Fmedia&parent=2509"}],"curies":[{"name":"wp","href":"https:\/\/api.w.org\/{rel}","templated":true}]}}