{"id":1539,"date":"2016-12-17T11:51:13","date_gmt":"2016-12-17T16:51:13","guid":{"rendered":"http:\/\/dev.nu-motion.com\/wordpress\/?page_id=1539"},"modified":"2024-02-10T09:13:13","modified_gmt":"2024-02-10T14:13:13","slug":"nicolas-rodriguez","status":"publish","type":"page","link":"https:\/\/nu-motion.com\/?page_id=1539","title":{"rendered":"Nicolas Rodriguez"},"content":{"rendered":"\n\n<h1>Nicolas Rodriguez<\/h1>\n<p><img loading=\"lazy\" decoding=\"async\" src=\"http:\/\/nu-motion.com\/wp-content\/uploads\/2016\/12\/Nicolas-Rodriguez-Numotion-1-632x948.jpg\" alt=\"\" width=\"235\" height=\"352\" \/><\/p>\n<h3>Clavi\u00e9riste \/ Elida Reyna y Avante<\/h3>\n<p>Nicolas a commenc\u00e9 \u00e0 \u00e9tudier le piano \u00e0 l&#8217;\u00e2ge de 4 ans, et il a poursuivi ses \u00e9tudes dans sa communaut\u00e9 de Carrizo Springs dans le Sud du Texas. Suite \u00e0 ses \u00e9tudes au coll\u00e8ge, il a commenc\u00e9 \u00e0 enseigner la musique. Appuy\u00e9 par ses directeurs d&#8217;\u00e9tudes, il a pu r\u00e9ussir les auditions pour \u00eatre admis en musique \u00e0 l&#8217;universit\u00e9 \u00ab North Texas \u00bb de renomm\u00e9e mondiale.<\/p>\n<p>Pendant ses \u00e9tudes \u00e0 UNT, il se plonge dans les styles Jazz, Classique, Funk et Rock et fait partie de nombreux projets locaux. Il a compl\u00e9t\u00e9 ses \u00e9tudes \u00e0 en musique \u00e0 l&#8217;universit\u00e9 Kingsville au Texas.<\/p>\n<p><img loading=\"lazy\" decoding=\"async\" src=\"http:\/\/nu-motion.com\/wp-content\/uploads\/2016\/12\/Elida-Nicolas-Rodriguez-numotion-1.jpg\" alt=\"\" width=\"198\" height=\"350\" \/><\/p>\n<p>Apr\u00e8s ses \u00e9tudes, il revient \u00e0 ses origines musicales Tex-Mex et commence \u00e0 jouer avec de nombreux groupes locaux Tejano. En 2013, il rejoint comme clavi\u00e9riste la gagnante d&#8217;un Grammy award &#8220;Elida Reyna y Grupo Avante&#8221;.<\/p>\n<p><a href=\"https:\/\/www.facebook.com\/Nickrdzkeys\" target=\"_blank\" rel=\"noopener\">https:\/\/www.facebook.com\/Nickrdzkeys<\/a><\/p>\n\n","protected":false},"excerpt":{"rendered":"<p>Nicolas Rodriguez Clavi\u00e9riste \/ Elida Reyna y Avante Nicolas a commenc\u00e9 \u00e0 \u00e9tudier le piano \u00e0 l&#8217;\u00e2ge de 4 ans, et il a poursuivi ses \u00e9tudes dans sa communaut\u00e9 de Carrizo Springs dans le Sud du Texas. Suite \u00e0 ses &hellip; <a class=\"kt-excerpt-readmore\" href=\"https:\/\/nu-motion.com\/?page_id=1539\" aria-label=\"Nicolas Rodriguez\">Read More<\/a><\/p>\n","protected":false},"author":1,"featured_media":0,"parent":1101,"menu_order":0,"comment_status":"closed","ping_status":"closed","template":"page-fullwidth.php","meta":{"kt_blocks_editor_width":"","footnotes":""},"class_list":["post-1539","page","type-page","status-publish","hentry"],"_links":{"self":[{"href":"https:\/\/nu-motion.com\/index.php?rest_route=\/wp\/v2\/pages\/1539","targetHints":{"allow":["GET"]}}],"collection":[{"href":"https:\/\/nu-motion.com\/index.php?rest_route=\/wp\/v2\/pages"}],"about":[{"href":"https:\/\/nu-motion.com\/index.php?rest_route=\/wp\/v2\/types\/page"}],"author":[{"embeddable":true,"href":"https:\/\/nu-motion.com\/index.php?rest_route=\/wp\/v2\/users\/1"}],"replies":[{"embeddable":true,"href":"https:\/\/nu-motion.com\/index.php?rest_route=%2Fwp%2Fv2%2Fcomments&post=1539"}],"version-history":[{"count":8,"href":"https:\/\/nu-motion.com\/index.php?rest_route=\/wp\/v2\/pages\/1539\/revisions"}],"predecessor-version":[{"id":3035,"href":"https:\/\/nu-motion.com\/index.php?rest_route=\/wp\/v2\/pages\/1539\/revisions\/3035"}],"up":[{"embeddable":true,"href":"https:\/\/nu-motion.com\/index.php?rest_route=\/wp\/v2\/pages\/1101"}],"wp:attachment":[{"href":"https:\/\/nu-motion.com\/index.php?rest_route=%2Fwp%2Fv2%2Fmedia&parent=1539"}],"curies":[{"name":"wp","href":"https:\/\/api.w.org\/{rel}","templated":true}]}}