{"id":1166,"date":"2016-12-10T10:31:32","date_gmt":"2016-12-10T15:31:32","guid":{"rendered":"http:\/\/dev.nu-motion.com\/wordpress\/?page_id=1166"},"modified":"2025-12-19T14:59:10","modified_gmt":"2025-12-19T19:59:10","slug":"jim-gilmour","status":"publish","type":"page","link":"https:\/\/nu-motion.com\/?page_id=1166","title":{"rendered":"Federico Meranda"},"content":{"rendered":"\n\n\t<h1>Ferico Meranda<\/h1>\n<h3><img loading=\"lazy\" decoding=\"async\" src=\"http:\/\/nu-motion.com\/wp-content\/uploads\/2025\/12\/Federico-BIO-12-2025.jpg\" alt=\"\" width=\"258\" height=\"245\" \/><\/h3>\n<h3>Clavi\u00e9riste\u00a0 \/ Wind Rose<\/h3>\n<p>Federico Meranda est n\u00e9 en Toscane (Italie). Il a \u00e9tudi\u00e9 le piano d\u00e8s son plus jeune \u00e2ge, mais c&#8217;est en \u00e9coutant du heavy metal \u00e0 l&#8217;adolescence qu&#8217;il s&#8217;est passionn\u00e9 pour les claviers.<\/p>\n<p>En 2009, il a fond\u00e9 Wind Rose avec deux autres membres de longue date, donnant naissance \u00e0 ce que les fans appellent le \u00ab Dwarf Metal \u00bb, un nouveau genre puissant de heavy metal. En 15 ans, le groupe a connu un succ\u00e8s international, avec six albums studio \u00e0 son actif. En 2026. ils seront en tourn\u00e9e en Europe et se produiront dans de nombreux festivals de rock et de metal \u00e0 travers le continent.<\/p>\n<a href=\"https:\/\/www.facebook.com\/federico.meranda\" target=\"_blank\" rel=\"noopener\">https:\/\/www.facebook.com\/federico.meranda<\/a><br \/>\n<a href=\"https:\/\/www.facebook.com\/windroseofficial\/\" target=\"_blank\" rel=\"noopener\">https:\/\/www.facebook.com\/windroseofficial\/\u00a0<\/a><br \/>\nh<a href=\"https:\/\/www.windroseofficial.com\/\" target=\"_blank\" rel=\"noopener\">https:\/\/www.windroseofficial.com\/<\/a>\n\n","protected":false},"excerpt":{"rendered":"<p>Ferico Meranda Clavi\u00e9riste\u00a0 \/ Wind Rose Federico Meranda est n\u00e9 en Toscane (Italie). Il a \u00e9tudi\u00e9 le piano d\u00e8s son plus jeune \u00e2ge, mais c&#8217;est en \u00e9coutant du heavy metal \u00e0 l&#8217;adolescence qu&#8217;il s&#8217;est passionn\u00e9 pour les claviers. En 2009, &hellip; <a class=\"kt-excerpt-readmore\" href=\"https:\/\/nu-motion.com\/?page_id=1166\" aria-label=\"Federico Meranda\">Read More<\/a><\/p>\n","protected":false},"author":1,"featured_media":0,"parent":1101,"menu_order":0,"comment_status":"closed","ping_status":"closed","template":"page-fullwidth.php","meta":{"kt_blocks_editor_width":"","footnotes":""},"class_list":["post-1166","page","type-page","status-publish","hentry"],"_links":{"self":[{"href":"https:\/\/nu-motion.com\/index.php?rest_route=\/wp\/v2\/pages\/1166","targetHints":{"allow":["GET"]}}],"collection":[{"href":"https:\/\/nu-motion.com\/index.php?rest_route=\/wp\/v2\/pages"}],"about":[{"href":"https:\/\/nu-motion.com\/index.php?rest_route=\/wp\/v2\/types\/page"}],"author":[{"embeddable":true,"href":"https:\/\/nu-motion.com\/index.php?rest_route=\/wp\/v2\/users\/1"}],"replies":[{"embeddable":true,"href":"https:\/\/nu-motion.com\/index.php?rest_route=%2Fwp%2Fv2%2Fcomments&post=1166"}],"version-history":[{"count":9,"href":"https:\/\/nu-motion.com\/index.php?rest_route=\/wp\/v2\/pages\/1166\/revisions"}],"predecessor-version":[{"id":3151,"href":"https:\/\/nu-motion.com\/index.php?rest_route=\/wp\/v2\/pages\/1166\/revisions\/3151"}],"up":[{"embeddable":true,"href":"https:\/\/nu-motion.com\/index.php?rest_route=\/wp\/v2\/pages\/1101"}],"wp:attachment":[{"href":"https:\/\/nu-motion.com\/index.php?rest_route=%2Fwp%2Fv2%2Fmedia&parent=1166"}],"curies":[{"name":"wp","href":"https:\/\/api.w.org\/{rel}","templated":true}]}}