{"id":1158,"date":"2016-12-10T10:27:39","date_gmt":"2016-12-10T15:27:39","guid":{"rendered":"http:\/\/dev.nu-motion.com\/wordpress\/?page_id=1158"},"modified":"2017-01-25T19:16:54","modified_gmt":"2017-01-26T00:16:54","slug":"dietmar-weber","status":"publish","type":"page","link":"https:\/\/nu-motion.com\/?page_id=1158","title":{"rendered":"Dietmar Weber"},"content":{"rendered":"<h1>Dietmar Weber<\/h1>\n<p><img loading=\"lazy\" decoding=\"async\" src=\"http:\/\/nu-motion.com\/wp-content\/uploads\/2016\/12\/Diemar-Weber-REVO-1-201512-1.jpg\" alt=\"\" width=\"198\" height=\"197\" \/><\/p>\n<h3>Clavi\u00e9riste et compositeur \/ Superfreak-Music<\/h3>\n<p>Dietmar Weber (Titus) est clavi\u00e9riste et membre fondateur du groupe SUPERFREAK Music. Ce groupe est situ\u00e9 \u00e0 Graz \/ Autriche \/ Europe et performe les styles populaire et disco des ann\u00e9es 70 et 80. Il a \u00e9tudi\u00e9 le piano classique pendant plusieurs ann\u00e9es \u00e0 Graz, o\u00f9 il est n\u00e9, avant de passer \u00e0 la musique rock (CHOICE OF BOYS), (PURPLE AND THE GHOSTBUSTERS), et de retour \u00e0 la musique rock allemande (GEBRUEDER Metternich) et maintenant au Pop et disco international avec SUPERFREAK Musicgroup. En tant que clavi\u00e9riste Weber a enregistr\u00e9 un album studio avec le groupe GEBRUEDER Metternich et plusieurs enregistrements live avec diff\u00e9rents groupes en Autriche. Il est fier d&#8217;\u00eatre l&#8217;un des premiers clavi\u00e9ristes en Europe \u00e0 performer sur sc\u00e8ne avec le curveboard Numotion.<\/p>\n<p>&nbsp;<\/p>\n<p><a href=\"http:\/\/www.superfreak-music.jimdo.com\/\" target=\"_blank\">www.superfreak-music.jimdo.com<\/a><br \/>\n<a href=\"http:\/\/www.gebrueder-metternich.at\/\" target=\"_blank\">www.gebrueder-metternich.at<\/a><\/p>\n","protected":false},"excerpt":{"rendered":"<p>Dietmar Weber Clavi\u00e9riste et compositeur \/ Superfreak-Music Dietmar Weber (Titus) est clavi\u00e9riste et membre fondateur du groupe SUPERFREAK Music. Ce groupe est situ\u00e9 \u00e0 Graz \/ Autriche \/ Europe et performe les styles populaire et disco des ann\u00e9es 70 et &hellip; <a class=\"kt-excerpt-readmore\" href=\"https:\/\/nu-motion.com\/?page_id=1158\" aria-label=\"Dietmar Weber\">Read More<\/a><\/p>\n","protected":false},"author":1,"featured_media":0,"parent":1101,"menu_order":0,"comment_status":"closed","ping_status":"closed","template":"page-fullwidth.php","meta":{"kt_blocks_editor_width":"","footnotes":""},"class_list":["post-1158","page","type-page","status-publish","hentry"],"_links":{"self":[{"href":"https:\/\/nu-motion.com\/index.php?rest_route=\/wp\/v2\/pages\/1158","targetHints":{"allow":["GET"]}}],"collection":[{"href":"https:\/\/nu-motion.com\/index.php?rest_route=\/wp\/v2\/pages"}],"about":[{"href":"https:\/\/nu-motion.com\/index.php?rest_route=\/wp\/v2\/types\/page"}],"author":[{"embeddable":true,"href":"https:\/\/nu-motion.com\/index.php?rest_route=\/wp\/v2\/users\/1"}],"replies":[{"embeddable":true,"href":"https:\/\/nu-motion.com\/index.php?rest_route=%2Fwp%2Fv2%2Fcomments&post=1158"}],"version-history":[{"count":5,"href":"https:\/\/nu-motion.com\/index.php?rest_route=\/wp\/v2\/pages\/1158\/revisions"}],"predecessor-version":[{"id":2214,"href":"https:\/\/nu-motion.com\/index.php?rest_route=\/wp\/v2\/pages\/1158\/revisions\/2214"}],"up":[{"embeddable":true,"href":"https:\/\/nu-motion.com\/index.php?rest_route=\/wp\/v2\/pages\/1101"}],"wp:attachment":[{"href":"https:\/\/nu-motion.com\/index.php?rest_route=%2Fwp%2Fv2%2Fmedia&parent=1158"}],"curies":[{"name":"wp","href":"https:\/\/api.w.org\/{rel}","templated":true}]}}