{"id":1155,"date":"2016-12-10T10:25:44","date_gmt":"2016-12-10T15:25:44","guid":{"rendered":"http:\/\/dev.nu-motion.com\/wordpress\/?page_id=1155"},"modified":"2017-01-04T14:18:04","modified_gmt":"2017-01-04T19:18:04","slug":"mario-ortiz","status":"publish","type":"page","link":"https:\/\/nu-motion.com\/?page_id=1155","title":{"rendered":"Mario Ortiz"},"content":{"rendered":"<h1>Mario Ortiz<\/h1>\n<h3><img loading=\"lazy\" decoding=\"async\" src=\"http:\/\/nu-motion.com\/wp-content\/uploads\/2016\/12\/Mario-Ortiz-REVO-1-1-632x948.jpg\" alt=\"\" width=\"311\" height=\"467\" \/><\/h3>\n<h3><strong>Clavi\u00e9riste, producteur, compositeur et directeur musical \/ Artiste Tejano \/ artiste Hip Hop<\/strong><\/h3>\n<p>Mario Ortiz alias MARIO O, est plus qu\u2019un joueur de clavier typique. il est aussi l&#8217;un des nouveaux producteurs en vogue sur le march\u00e9 latino. Il est n\u00e9 et a grandi dans la petite ville de Del Rio, Tx.. Il a jou\u00e9 comme batteur dans l&#8217;\u00e9glise de son enfance. Il prit alors un int\u00e9r\u00eat \u00e0 jouer du piano. Apr\u00e8s le lyc\u00e9e, Mario a quitt\u00e9 sa ville natale pour se retrouver et devenir un musicien professionnel. Il a d\u00e9m\u00e9nag\u00e9 \u00e0 San Antonio, Tx. et a d\u00e9croch\u00e9 un emploi avec l&#8217;un des producteurs les plus respect\u00e9s du milieu. Mario est devenu l&#8217;un des joueurs de clavier les plus actifs de l&#8217;industrie Tejano. Il a enregistr\u00e9, arrang\u00e9 et produit de nombreux albums pour la plupart des artistes \u00e9tablis dans ce genre de musique et a \u00e9galement \u00e9tabli son nom dans d&#8217;autres march\u00e9s. Il a \u00e9t\u00e9 le directeur musical du groupe JAY PEREZ pour les 9 derni\u00e8res ann\u00e9es. Mario a \u00e9galement remport\u00e9 2 troph\u00e9es au\u00a0\u00a0 TALENT MUSICIANS ASSOCIATION KEYBOARD PLAYER OF THE YEAR comme meilleur album TEJANO.<\/p>\n<p>Il est aussi \u00e9t\u00e9 quatre fois gagnant, ainsi que de nombreuses nominations aux Grammy Awards, comme clavi\u00e9riste et producteur. En 2013, Mario \u00e9tait le directeur musical de l&#8217;Orchestre TTMA aux prix annuels 33e Tejano \u00e0 San Antonio, Tx. Mario est maintenant un entrepreneur qui poss\u00e8de son propre studio d&#8217;enregistrement, ainsi que sa propre maison d&#8217;\u00e9dition MARIO O MUSIC. De plus, il lancera prochainement sa propre maison de disque. Mario est \u00e9galement bien connu pour redonner \u00e0 la communaut\u00e9. Il donne beaucoup de son temps en appui \u00e0 l\u2019\u00e9ducation musicale dans les \u00e9coles de la r\u00e9gion sud-ouest. Il r\u00eave que sa musique impacte les c\u0153urs et la vie des gens, et souhaite la partager le plus de gens possible \u00e0 travers le monde.<\/p>\n","protected":false},"excerpt":{"rendered":"<p>Mario Ortiz Clavi\u00e9riste, producteur, compositeur et directeur musical \/ Artiste Tejano \/ artiste Hip Hop Mario Ortiz alias MARIO O, est plus qu\u2019un joueur de clavier typique. il est aussi l&#8217;un des nouveaux producteurs en vogue sur le march\u00e9 latino. &hellip; <a class=\"kt-excerpt-readmore\" href=\"https:\/\/nu-motion.com\/?page_id=1155\" aria-label=\"Mario Ortiz\">Read More<\/a><\/p>\n","protected":false},"author":1,"featured_media":0,"parent":1101,"menu_order":0,"comment_status":"closed","ping_status":"closed","template":"page-fullwidth.php","meta":{"kt_blocks_editor_width":"","footnotes":""},"class_list":["post-1155","page","type-page","status-publish","hentry"],"_links":{"self":[{"href":"https:\/\/nu-motion.com\/index.php?rest_route=\/wp\/v2\/pages\/1155","targetHints":{"allow":["GET"]}}],"collection":[{"href":"https:\/\/nu-motion.com\/index.php?rest_route=\/wp\/v2\/pages"}],"about":[{"href":"https:\/\/nu-motion.com\/index.php?rest_route=\/wp\/v2\/types\/page"}],"author":[{"embeddable":true,"href":"https:\/\/nu-motion.com\/index.php?rest_route=\/wp\/v2\/users\/1"}],"replies":[{"embeddable":true,"href":"https:\/\/nu-motion.com\/index.php?rest_route=%2Fwp%2Fv2%2Fcomments&post=1155"}],"version-history":[{"count":6,"href":"https:\/\/nu-motion.com\/index.php?rest_route=\/wp\/v2\/pages\/1155\/revisions"}],"predecessor-version":[{"id":2178,"href":"https:\/\/nu-motion.com\/index.php?rest_route=\/wp\/v2\/pages\/1155\/revisions\/2178"}],"up":[{"embeddable":true,"href":"https:\/\/nu-motion.com\/index.php?rest_route=\/wp\/v2\/pages\/1101"}],"wp:attachment":[{"href":"https:\/\/nu-motion.com\/index.php?rest_route=%2Fwp%2Fv2%2Fmedia&parent=1155"}],"curies":[{"name":"wp","href":"https:\/\/api.w.org\/{rel}","templated":true}]}}