{"id":1152,"date":"2016-12-10T10:22:23","date_gmt":"2016-12-10T15:22:23","guid":{"rendered":"http:\/\/dev.nu-motion.com\/wordpress\/?page_id=1152"},"modified":"2021-09-21T14:55:10","modified_gmt":"2021-09-21T18:55:10","slug":"slim-williams","status":"publish","type":"page","link":"https:\/\/nu-motion.com\/?page_id=1152","title":{"rendered":"Slim Williams"},"content":{"rendered":"\n\n\t<h1>Slim Williams<\/h1>\n<h3><img loading=\"lazy\" decoding=\"async\" src=\"http:\/\/nu-motion.com\/wp-content\/uploads\/2016\/12\/slimrevo3-1.jpg\" alt=\"\" width=\"258\" height=\"236\" \/><\/h3>\n<h3>Clavi\u00e9riste, compositeur, producteur et directeur musical<\/h3>\n<p>Slim a d\u00e9bute sa carri\u00e8re musicale \u00e0 l&#8217;\u00e2ge de 9 ans, \u00e0 l&#8217;orgue dans l&#8217;\u00e9glise de son p\u00e8re en Caroline du Nord. Mais c&#8217;est \u00e0 D\u00e9troit \u00e0 18 ans, qu&#8217;il lance sa carri\u00e8re professionnelle. Et quelle carri\u00e8re ! Il a travaill\u00e9 avec des l\u00e9gendes telles que The Spinners, The Drifters et The Temptations. Des circonstances impr\u00e9vues le m\u00e8nent au Qu\u00e9bec, o\u00f9 il enregistre un album dans les Laurentides avec Tchukon, le groupe dont il faisait alors partie. Clavi\u00e9riste et chanteur, Slim contribue au succ\u00e8s de Tchukon. Slim a assur\u00e9 la direction musicale de plusieurs projets importants, dont l&#8217;\u00e9mission sp\u00e9ciale Salute to the Athletes (Jeux Olympiques d&#8217;Atlanta en 1996), le Championnat du monde de basketball \u00e0 Toronto, ainsi que plusieurs galas au Festival Juste pour rire de Montr\u00e9al. Il a \u00e9galement partag\u00e9 le prix G\u00e9meaux de la meilleure musique originale avec Oscar Peterson pour In the Key of Oscar, un film biographique sur la vie d&#8217;Oscar Peterson. Pionnier de la technologie musicale, Slim travaille actuellement en studio, o\u00f9 il m\u00e9lange ses rythmes complexes, ses lignes de basse m\u00e9lodiques et ses riches orchestrations. Slim appelle sa musique le sophistafunk, un son o\u00f9 le jazz raffin\u00e9 r\u00e9pond au rythme vibrant du funk. Slim continue \u00e0 \u00eatre une force vive de la communaut\u00e9 musicale.<\/p>\n\n\n\n","protected":false},"excerpt":{"rendered":"<p>Slim Williams Clavi\u00e9riste, compositeur, producteur et directeur musical Slim a d\u00e9bute sa carri\u00e8re musicale \u00e0 l&#8217;\u00e2ge de 9 ans, \u00e0 l&#8217;orgue dans l&#8217;\u00e9glise de son p\u00e8re en Caroline du Nord. Mais c&#8217;est \u00e0 D\u00e9troit \u00e0 18 ans, qu&#8217;il lance sa &hellip; <a class=\"kt-excerpt-readmore\" href=\"https:\/\/nu-motion.com\/?page_id=1152\" aria-label=\"Slim Williams\">Read More<\/a><\/p>\n","protected":false},"author":1,"featured_media":0,"parent":1101,"menu_order":0,"comment_status":"closed","ping_status":"closed","template":"page-fullwidth.php","meta":{"kt_blocks_editor_width":"","footnotes":""},"class_list":["post-1152","page","type-page","status-publish","hentry"],"_links":{"self":[{"href":"https:\/\/nu-motion.com\/index.php?rest_route=\/wp\/v2\/pages\/1152","targetHints":{"allow":["GET"]}}],"collection":[{"href":"https:\/\/nu-motion.com\/index.php?rest_route=\/wp\/v2\/pages"}],"about":[{"href":"https:\/\/nu-motion.com\/index.php?rest_route=\/wp\/v2\/types\/page"}],"author":[{"embeddable":true,"href":"https:\/\/nu-motion.com\/index.php?rest_route=\/wp\/v2\/users\/1"}],"replies":[{"embeddable":true,"href":"https:\/\/nu-motion.com\/index.php?rest_route=%2Fwp%2Fv2%2Fcomments&post=1152"}],"version-history":[{"count":11,"href":"https:\/\/nu-motion.com\/index.php?rest_route=\/wp\/v2\/pages\/1152\/revisions"}],"predecessor-version":[{"id":2985,"href":"https:\/\/nu-motion.com\/index.php?rest_route=\/wp\/v2\/pages\/1152\/revisions\/2985"}],"up":[{"embeddable":true,"href":"https:\/\/nu-motion.com\/index.php?rest_route=\/wp\/v2\/pages\/1101"}],"wp:attachment":[{"href":"https:\/\/nu-motion.com\/index.php?rest_route=%2Fwp%2Fv2%2Fmedia&parent=1152"}],"curies":[{"name":"wp","href":"https:\/\/api.w.org\/{rel}","templated":true}]}}