{"id":1149,"date":"2016-12-10T10:17:35","date_gmt":"2016-12-10T15:17:35","guid":{"rendered":"http:\/\/dev.nu-motion.com\/wordpress\/?page_id=1149"},"modified":"2021-09-21T14:53:46","modified_gmt":"2021-09-21T18:53:46","slug":"paolo-nox","status":"publish","type":"page","link":"https:\/\/nu-motion.com\/?page_id=1149","title":{"rendered":"Paolo Nox"},"content":{"rendered":"\n\n\t<h1>Paolo Nox<\/h1>\n<h4><img loading=\"lazy\" decoding=\"async\" src=\"http:\/\/dev.nu-motion.com\/wordpress\/wp-content\/uploads\/2016\/12\/Paolo-Nox-Revo-Numotion-1-632x632.jpg\" alt=\"\" width=\"275\" height=\"274\" \/><\/h4>\n<h3>Clavi\u00e9riste et compositeur \/ Arcana Opera \/ Golden Jubilee \/ Mago de Oz<\/h3>\n<p>Paolo est n\u00e9 \u00e0 Vicenza (Italie) en 1969 et a commenc\u00e9 \u00e0 jouer du piano \u00e0 l&#8217;\u00e2ge de 5 ans. Il a gradu\u00e9 en piano en 1987. Comme il a toujours aim\u00e9 les claviers et les synth\u00e9tiseurs, il a commenc\u00e9 \u00e0 jouer dans des petits groupes locaux, mais la premi\u00e8re bonne occasion esy arriv\u00e9 en 2005 quand il a rejoint un \u00abMago de Oz&#8221; hommage. Paolo joue dans trois groupes, le groupe m\u00e9tal symphonic &#8221; Golden Jubilee &#8220;, o\u00f9 il \u00e9crit la plupart des chansons, le groupe hommage &#8220;Lordi&#8221; et enfin le groupe &#8220;noir-m\u00e9tal&#8221;\u00a0\u00ab\u00a0Arcana Op\u00e9ra\u00a0\u00bb qu&#8217;il a rejoint en 2012. Avec Arcana Op\u00e9ra il a eu l&#8217;occasion d&#8217;ouvrir la tourn\u00e9e Dragonfest avec Haggard et il ouvrira le concert Mago de Oz \u00e0 Udine en Octobre 2015. Aussi, il particip\u00e9 \u00e0 certains \u00e9v\u00e9nements m\u00e9tal italiens bien connues Fosch Fest et \u00a0Sinistro Fest.\u00a0 \u00abJ&#8217;utilise toujours le Revo 1 sur sc\u00e8ne, avec mon Kurzweil PC3K pour les sons. Le Revo 1 a vraiment chang\u00e9 mon point de vue comme joueur de clavier, parce que maintenant je peux \u00eatre en avant sc\u00e8ne et participer aux concerts comme je l&#8217;ai toujours souhait\u00e9. Cela a \u00e9t\u00e9 une v\u00e9ritable r\u00e9volution pour moi, et je re\u00e7ois toujours beaucoup de bons commentaires du point de vue visuel lorsque je l&#8217;utilise sur sc\u00e8ne\u00a0\u00bb<\/p>\n\n<p>&nbsp;<\/p>\n\n","protected":false},"excerpt":{"rendered":"<p>Paolo Nox Clavi\u00e9riste et compositeur \/ Arcana Opera \/ Golden Jubilee \/ Mago de Oz Paolo est n\u00e9 \u00e0 Vicenza (Italie) en 1969 et a commenc\u00e9 \u00e0 jouer du piano \u00e0 l&#8217;\u00e2ge de 5 ans. Il a gradu\u00e9 en piano &hellip; <a class=\"kt-excerpt-readmore\" href=\"https:\/\/nu-motion.com\/?page_id=1149\" aria-label=\"Paolo Nox\">Read More<\/a><\/p>\n","protected":false},"author":1,"featured_media":0,"parent":1101,"menu_order":0,"comment_status":"closed","ping_status":"closed","template":"page-fullwidth.php","meta":{"kt_blocks_editor_width":"","footnotes":""},"class_list":["post-1149","page","type-page","status-publish","hentry"],"_links":{"self":[{"href":"https:\/\/nu-motion.com\/index.php?rest_route=\/wp\/v2\/pages\/1149","targetHints":{"allow":["GET"]}}],"collection":[{"href":"https:\/\/nu-motion.com\/index.php?rest_route=\/wp\/v2\/pages"}],"about":[{"href":"https:\/\/nu-motion.com\/index.php?rest_route=\/wp\/v2\/types\/page"}],"author":[{"embeddable":true,"href":"https:\/\/nu-motion.com\/index.php?rest_route=\/wp\/v2\/users\/1"}],"replies":[{"embeddable":true,"href":"https:\/\/nu-motion.com\/index.php?rest_route=%2Fwp%2Fv2%2Fcomments&post=1149"}],"version-history":[{"count":7,"href":"https:\/\/nu-motion.com\/index.php?rest_route=\/wp\/v2\/pages\/1149\/revisions"}],"predecessor-version":[{"id":2984,"href":"https:\/\/nu-motion.com\/index.php?rest_route=\/wp\/v2\/pages\/1149\/revisions\/2984"}],"up":[{"embeddable":true,"href":"https:\/\/nu-motion.com\/index.php?rest_route=\/wp\/v2\/pages\/1101"}],"wp:attachment":[{"href":"https:\/\/nu-motion.com\/index.php?rest_route=%2Fwp%2Fv2%2Fmedia&parent=1149"}],"curies":[{"name":"wp","href":"https:\/\/api.w.org\/{rel}","templated":true}]}}