{"id":1143,"date":"2016-12-10T10:13:34","date_gmt":"2016-12-10T15:13:34","guid":{"rendered":"http:\/\/dev.nu-motion.com\/wordpress\/?page_id=1143"},"modified":"2021-09-21T15:49:11","modified_gmt":"2021-09-21T19:49:11","slug":"elyes-bouchoucha","status":"publish","type":"page","link":"https:\/\/nu-motion.com\/?page_id=1143","title":{"rendered":"Elyes Bouchoucha"},"content":{"rendered":"\n\n\t<h1>Elyes Bouchoucha<\/h1>\n<h3><br \/>\n<img loading=\"lazy\" decoding=\"async\" src=\"http:\/\/nu-motion.com\/wp-content\/uploads\/2016\/12\/elyesrevo-1.jpg\" alt=\"\" width=\"196\" height=\"293\" \/>Ayant grandi au sein d&#8217;une famille d&#8217;artistes, Elyes entre au conservatoire National de Tunis \u00e0 6 ans pour \u00e9tudier le piano et le violon. Il y obtient son dipl\u00f4me national en musique arabo-occidentale \u00e0 15 ans.<\/h3>\n<p>Le premier contact d&#8217;Elyes avec la musique Metal commence \u00e0 l&#8217;\u00e2ge de 17 ans aux c\u00f4t\u00e9s du guitariste Malek Ben Arbia, avec lequel il cr\u00e9e le groupe Myrath trois ans plus tard.<\/p>\n<p>Elyes a continu\u00e9 ses \u00e9tudes musicales \u00e0 l&#8217;institut \u00a0sup\u00e9rieur de musique de Tunis o\u00f9 il a obtenu sa licence en musicologie, apr\u00e8s quoi il a d\u00e9cid\u00e9 de poursuivre ses recherches en musicologie \u00e0 l&#8217;Universit\u00e9 de la Sorbonne.<\/p>\n<p>Connu gr\u00e2ce \u00e0 ses subtils arrangements musicaux, Elyes a su s&#8217;imposer en tant que arrangeur, compositeur et interpr\u00e8te, en r\u00e9ussissant \u00e0 m\u00e9langer subtilement la musique orientale et occidentale.<\/p>\n<p>Discographie: Myrath &#8211; Hope &#8211; 2007, Aeon Zen &#8211; A Mind&#8217;s Portrait &#8211; 2009, Myrath &#8211; Desert Call &#8211; 2010, Lance King &#8211; A moment in Chiros &#8211; 2011, Myrath &#8211; Tales Of the Sands &#8211; 2011, Amadeus Awad &#8211; The Book of Gates &#8211; 2013.<\/p>\n\n<p>&nbsp;<\/p>\n\n\n\n<p>&nbsp;<\/p>\n<p>&nbsp;<\/p>\n\t<iframe loading=\"lazy\" width=\"1140\" height=\"641\" src=\"https:\/\/www.youtube.com\/embed\/g9YibafIr4M?start=120&#038;feature=oembed\" frameborder=\"0\" allowfullscreen><\/iframe>\n\n","protected":false},"excerpt":{"rendered":"<p>Elyes Bouchoucha Ayant grandi au sein d&#8217;une famille d&#8217;artistes, Elyes entre au conservatoire National de Tunis \u00e0 6 ans pour \u00e9tudier le piano et le violon. Il y obtient son dipl\u00f4me national en musique arabo-occidentale \u00e0 15 ans. Le premier &hellip; <a class=\"kt-excerpt-readmore\" href=\"https:\/\/nu-motion.com\/?page_id=1143\" aria-label=\"Elyes Bouchoucha\">Read More<\/a><\/p>\n","protected":false},"author":1,"featured_media":0,"parent":1101,"menu_order":0,"comment_status":"closed","ping_status":"closed","template":"page-fullwidth.php","meta":{"kt_blocks_editor_width":"","footnotes":""},"class_list":["post-1143","page","type-page","status-publish","hentry"],"_links":{"self":[{"href":"https:\/\/nu-motion.com\/index.php?rest_route=\/wp\/v2\/pages\/1143","targetHints":{"allow":["GET"]}}],"collection":[{"href":"https:\/\/nu-motion.com\/index.php?rest_route=\/wp\/v2\/pages"}],"about":[{"href":"https:\/\/nu-motion.com\/index.php?rest_route=\/wp\/v2\/types\/page"}],"author":[{"embeddable":true,"href":"https:\/\/nu-motion.com\/index.php?rest_route=\/wp\/v2\/users\/1"}],"replies":[{"embeddable":true,"href":"https:\/\/nu-motion.com\/index.php?rest_route=%2Fwp%2Fv2%2Fcomments&post=1143"}],"version-history":[{"count":7,"href":"https:\/\/nu-motion.com\/index.php?rest_route=\/wp\/v2\/pages\/1143\/revisions"}],"predecessor-version":[{"id":3003,"href":"https:\/\/nu-motion.com\/index.php?rest_route=\/wp\/v2\/pages\/1143\/revisions\/3003"}],"up":[{"embeddable":true,"href":"https:\/\/nu-motion.com\/index.php?rest_route=\/wp\/v2\/pages\/1101"}],"wp:attachment":[{"href":"https:\/\/nu-motion.com\/index.php?rest_route=%2Fwp%2Fv2%2Fmedia&parent=1143"}],"curies":[{"name":"wp","href":"https:\/\/api.w.org\/{rel}","templated":true}]}}