{"id":1140,"date":"2016-12-10T10:09:36","date_gmt":"2016-12-10T15:09:36","guid":{"rendered":"http:\/\/dev.nu-motion.com\/wordpress\/?page_id=1140"},"modified":"2025-08-11T16:50:22","modified_gmt":"2025-08-11T20:50:22","slug":"gianluca-trombetta","status":"publish","type":"page","link":"https:\/\/nu-motion.com\/?page_id=1140","title":{"rendered":"Gianluca Trombetta"},"content":{"rendered":"\n\t<h1>Gianluca Trombetta<\/h1>\n<h4><img loading=\"lazy\" decoding=\"async\" src=\"http:\/\/dev.nu-motion.com\/wordpress\/wp-content\/uploads\/2016\/12\/Gianluca-Trombetta-Numotion-REVO-1-632x709.jpg\" alt=\"\" width=\"288\" height=\"322\" \/><\/h4>\n<h3>Clavi\u00e9riste, compositeur et keyboard tech. \u00a0\/ Dream Theater \/ Shwizz<\/h3>\n<p>Gianluca Trombetta est n\u00e9 dans une famille musicale, Son p\u00e8re \u00e9tait un joueur d&#8217;accord\u00e9on \u00e9tablie et chanteur \/ compositeur, et sa m\u00e8re \u00e9tait une chanteuse dans de nombreux groupes religieux \u00e0 travers New York. A 4 ans, les parents de Gianluca remarqu\u00e9 qu&#8217;il avait un amour pour le piano et ont commenc\u00e9 \u00e0 lui enseigner les bases de la musique. Quand il est entr\u00e9 \u00e0 l&#8217;\u00e9cole secondaire, il a commenc\u00e9 \u00e0 participer dans de nombreuses productions th\u00e9\u00e2trales comme membre de l&#8217;orchestre. Il a exp\u00e9riment\u00e9 plusieurs styles de musique comme le jazz, le rock et le contemporain en piano solo. En 1998, un ami lui a conseill\u00e9 d&#8217;\u00e9couter un album intitul\u00e9 &#8220;Scenes from a Memory&#8221; \u00a0par Dream Theater. Cet l&#8217;album a chang\u00e9 sa vie. Il a \u00e9t\u00e9 fortement influenc\u00e9 par Jordan Rudess (joueur de clavier de Dream Theater. A la fin de ses \u00e9tudes \u00a0secondaires, le Corps des Marines des \u00c9tats-Unis a accord\u00e9 le Prix \u00ab\u00a0Fidelis Semper\u00a0\u00bb pour l&#8217;excellence et la r\u00e9ussite musicale. Dans la m\u00eame ann\u00e9e, il a \u00e9t\u00e9 \u00e9lu &#8220;Most Musical&#8221; de l&#8217;\u00e9cole. En 2002, il a commenc\u00e9 ses \u00e9tudes coll\u00e9giales au Coll\u00e8ge Five Towns, avec sp\u00e9cialisation en Jazz \/ Musique commerciale, concentration production audio. Durant ses fins d&#8217;\u00e9tudes, comme interne aupr\u00e8s d&#8217;une agence de production bas\u00e9e \u00e0 New York, il a travaill\u00e9 au c\u00f4t\u00e9 de son mentor musical, Jordan Rudess. Il a contribu\u00e9 \u00e0 quelques productions au Carnegie Hall, Roseland Ballroom, B.B Kings Blue&#8217;s Club featuring the likes of Les Paul, Keith Emerson, Larry Carlton &amp; Firewire, Jack Bruce, Ron Carter, Victor Wooten, Richie Sambora, et Peter Frampton. En mai 2006, Gianluca obtient son dipl\u00f4me baccalaur\u00e9at en musique de Five Towns College. Par la suite, il a \u00e9t\u00e9 embauch\u00e9 par Jordan Rudess (Dream Theater) comme son assistant studio. En Juin 2010, sa vie a chang\u00e9 lorsque Jordan Rudess l&#8217;a recrut\u00e9 comme keyboard tech. pour la prochaine tourn\u00e9e de Iron Maiden, o\u00f9 Dream Theater \u00e9tait en premi\u00e8re. Apr\u00e8s la publication de l&#8217;album de Dream Theater \u00ab\u00a0A Dramatic Turn of Events\u00a0\u00bb, Gianluca est devenu officiellement keyboard tech. de tourn\u00e9e de Dream Theater. Pour garder sa passion de jouer des claviers \u00e0 travers les tourn\u00e9es, Gianluca a rejoint un groupe prog \/ fusion appel\u00e9 Shwizz bas\u00e9 \u00e0 Nyack, NY. ShwizZ a sorti un album &#8220;My Good Side \/ My Bad Side&#8221;, dont il a \u00e9t\u00e9 en grande partie co-auteur. Gianluca \u00e9tait fier de contribuer \u00e0 la production et aux performance de l&#8217;album. Pour l&#8217;avenir, Gianluca cherche \u00e0 continuer d&#8217;\u0153uvrer dans le monde de la musique et de continuer \u00e0 suivre sa vraie passion. \u00a0\u00a0<a href=\"http:\/\/www.facebook.com\/gianlucatrombettaNY\" target=\"_blank\">www.facebook.com\/gianlucatrombettaNY<\/a><\/p>\n","protected":false},"excerpt":{"rendered":"<p>Gianluca Trombetta Clavi\u00e9riste, compositeur et keyboard tech. \u00a0\/ Dream Theater \/ Shwizz Gianluca Trombetta est n\u00e9 dans une famille musicale, Son p\u00e8re \u00e9tait un joueur d&#8217;accord\u00e9on \u00e9tablie et chanteur \/ compositeur, et sa m\u00e8re \u00e9tait une chanteuse dans de nombreux &hellip; <a class=\"kt-excerpt-readmore\" href=\"https:\/\/nu-motion.com\/?page_id=1140\" aria-label=\"Gianluca Trombetta\">Read More<\/a><\/p>\n","protected":false},"author":1,"featured_media":0,"parent":1101,"menu_order":0,"comment_status":"closed","ping_status":"closed","template":"page-fullwidth.php","meta":{"kt_blocks_editor_width":"","footnotes":""},"class_list":["post-1140","page","type-page","status-publish","hentry"],"_links":{"self":[{"href":"https:\/\/nu-motion.com\/index.php?rest_route=\/wp\/v2\/pages\/1140","targetHints":{"allow":["GET"]}}],"collection":[{"href":"https:\/\/nu-motion.com\/index.php?rest_route=\/wp\/v2\/pages"}],"about":[{"href":"https:\/\/nu-motion.com\/index.php?rest_route=\/wp\/v2\/types\/page"}],"author":[{"embeddable":true,"href":"https:\/\/nu-motion.com\/index.php?rest_route=\/wp\/v2\/users\/1"}],"replies":[{"embeddable":true,"href":"https:\/\/nu-motion.com\/index.php?rest_route=%2Fwp%2Fv2%2Fcomments&post=1140"}],"version-history":[{"count":6,"href":"https:\/\/nu-motion.com\/index.php?rest_route=\/wp\/v2\/pages\/1140\/revisions"}],"predecessor-version":[{"id":3090,"href":"https:\/\/nu-motion.com\/index.php?rest_route=\/wp\/v2\/pages\/1140\/revisions\/3090"}],"up":[{"embeddable":true,"href":"https:\/\/nu-motion.com\/index.php?rest_route=\/wp\/v2\/pages\/1101"}],"wp:attachment":[{"href":"https:\/\/nu-motion.com\/index.php?rest_route=%2Fwp%2Fv2%2Fmedia&parent=1140"}],"curies":[{"name":"wp","href":"https:\/\/api.w.org\/{rel}","templated":true}]}}