{"id":1133,"date":"2016-12-10T10:04:35","date_gmt":"2016-12-10T15:04:35","guid":{"rendered":"http:\/\/dev.nu-motion.com\/wordpress\/?page_id=1133"},"modified":"2021-09-21T15:02:44","modified_gmt":"2021-09-21T19:02:44","slug":"kevin-codfert","status":"publish","type":"page","link":"https:\/\/nu-motion.com\/?page_id=1133","title":{"rendered":"Kevin Codfert"},"content":{"rendered":"\n\n\t<h1>Kevin Codfert<\/h1>\n<h3><\/h3>\n<h3><img loading=\"lazy\" decoding=\"async\" src=\"http:\/\/nu-motion.com\/wp-content\/uploads\/2016\/12\/Kevin-Codfert-REVO-Numotion-1.jpg\" alt=\"\" width=\"201\" height=\"201\" \/>Clavi\u00e9riste, producteur et compositeur \/ Adagio, Myrath, Venturia<\/h3>\nKevin fait ses premiers pas en musique \u00e0 l&#8217;\u00e2ge de 5 ans. Il poursuit sa formation en musique (piano et guitare classique) au Conservatoire de Musique de Provence.\u00a0 Il est Influenc\u00e9 tr\u00e8s jeune par le Rock, le Metal et les compositeurs classiques. Kevin passe la plus grande partie de son adolescence dans des groupes de musique qu&#8217;il a fond\u00e9 ou int\u00e9gr\u00e9 (Habeas Corpus, Epilepsy, Slaves Of Sound, Melting Preachers et Biomech Race). En 2001, suite \u00e0 sa rencontre avec St\u00e9phan Fort\u00e9, il int\u00e8gre le groupe de m\u00e9tal symphonique Adagio. C&#8217;est lors du mastering de l&#8217;album Underworld d&#8217;Adagio, que Kevin se forme aux techniques de prise de son, d&#8217;\u00e9diting et de mixage chez House Of Audio.\u00a0 C&#8217;est alors que Kevin fonde Xfade Studio o\u00f9 s&#8217;enchainent rapidement des productions internationales, notamment pour les groupes Edgend, Qantice, Venturia, Adagio et Myrath dont il est devenu le producteur. En 2011, Kevin se perfectionne au Studio Fredman (G\u00f6teborg \/ Su\u00e8de), au c\u00f4t\u00e9 du r\u00e9put\u00e9 Fredrik Nordstr\u00f6m. Gr\u00e2ce \u00e0 la renomm\u00e9e internationale d&#8217;Adagio, Kevin a \u00e9galement eu l&#8217;occasion de se produire sur des sc\u00e8nes r\u00e9put\u00e9es comme celle du Hellfest. XFade Studio a fait na\u00eetre &#8220;Tales Of the Sands&#8221;, le troisi\u00e8me album de Myrath et l&#8217;album &#8220;The Shadows Compendium&#8221; l&#8217;opus solo de son comparse St\u00e9phan Fort\u00e9. Xfade Studio travaille \u00e0 la pr\u00e9paration et l&#8217;\u00e9criture du prochain album d&#8217;Adagio.<a href=\"http:\/\/www.facebook.com\/kevin.codfert\" target=\"_parent\" rel=\"noopener\"><img loading=\"lazy\" decoding=\"async\" src=\"http:\/\/nu-motion.com\/wp-content\/uploads\/2016\/12\/Kevin-Codfert-2-1-632x419.jpg\" alt=\"\" width=\"324\" height=\"215\" \/><br \/>\nhttp:\/\/www.facebook.com\/kevin.codfert<br \/>\n<\/a> <a href=\"http:\/\/www.myspace.com\/kevincodfert\" target=\"_blank\" rel=\"noopener\">http:\/\/www.myspace.com\/kevincodfert<br \/>\n<\/a><a href=\"http:\/\/www.myrath.com\/\" target=\"_blank\" rel=\"noopener\">http:\/\/www.myrath.com\/<\/a>\n<p>&nbsp;<\/p>\n<p>&nbsp;<\/p>\n\t<iframe loading=\"lazy\" width=\"1140\" height=\"641\" src=\"https:\/\/www.youtube.com\/embed\/AE3X3K2gdF8?start=120&#038;feature=oembed\" frameborder=\"0\" allowfullscreen><\/iframe>\n\n","protected":false},"excerpt":{"rendered":"<p>Kevin Codfert Clavi\u00e9riste, producteur et compositeur \/ Adagio, Myrath, Venturia Kevin fait ses premiers pas en musique \u00e0 l&#8217;\u00e2ge de 5 ans. Il poursuit sa formation en musique (piano et guitare classique) au Conservatoire de Musique de Provence.\u00a0 Il est &hellip; <a class=\"kt-excerpt-readmore\" href=\"https:\/\/nu-motion.com\/?page_id=1133\" aria-label=\"Kevin Codfert\">Read More<\/a><\/p>\n","protected":false},"author":1,"featured_media":0,"parent":1101,"menu_order":0,"comment_status":"closed","ping_status":"closed","template":"page-fullwidth.php","meta":{"kt_blocks_editor_width":"","footnotes":""},"class_list":["post-1133","page","type-page","status-publish","hentry"],"_links":{"self":[{"href":"https:\/\/nu-motion.com\/index.php?rest_route=\/wp\/v2\/pages\/1133","targetHints":{"allow":["GET"]}}],"collection":[{"href":"https:\/\/nu-motion.com\/index.php?rest_route=\/wp\/v2\/pages"}],"about":[{"href":"https:\/\/nu-motion.com\/index.php?rest_route=\/wp\/v2\/types\/page"}],"author":[{"embeddable":true,"href":"https:\/\/nu-motion.com\/index.php?rest_route=\/wp\/v2\/users\/1"}],"replies":[{"embeddable":true,"href":"https:\/\/nu-motion.com\/index.php?rest_route=%2Fwp%2Fv2%2Fcomments&post=1133"}],"version-history":[{"count":14,"href":"https:\/\/nu-motion.com\/index.php?rest_route=\/wp\/v2\/pages\/1133\/revisions"}],"predecessor-version":[{"id":2991,"href":"https:\/\/nu-motion.com\/index.php?rest_route=\/wp\/v2\/pages\/1133\/revisions\/2991"}],"up":[{"embeddable":true,"href":"https:\/\/nu-motion.com\/index.php?rest_route=\/wp\/v2\/pages\/1101"}],"wp:attachment":[{"href":"https:\/\/nu-motion.com\/index.php?rest_route=%2Fwp%2Fv2%2Fmedia&parent=1133"}],"curies":[{"name":"wp","href":"https:\/\/api.w.org\/{rel}","templated":true}]}}