{"id":1130,"date":"2016-12-10T09:58:40","date_gmt":"2016-12-10T14:58:40","guid":{"rendered":"http:\/\/dev.nu-motion.com\/wordpress\/?page_id=1130"},"modified":"2025-08-11T16:58:20","modified_gmt":"2025-08-11T20:58:20","slug":"alessio-lucatti","status":"publish","type":"page","link":"https:\/\/nu-motion.com\/?page_id=1130","title":{"rendered":"Alessio Lucatti"},"content":{"rendered":"\n\n\t<h1><img loading=\"lazy\" decoding=\"async\" src=\"http:\/\/nu-motion.com\/wp-content\/uploads\/2025\/08\/Alessio-Lucatti-REVO.jpg\" alt=\"\" width=\"208\" height=\"204\" \/>Alessio Lucatti<\/h1>\n<h3>Pianiste et clavi\u00e9riste \/ Vision Divine, Etherna<\/h3>\n<p>Alessio est n\u00e9 en 1982 (Pise, Iraly). Il a commenc\u00e9 \u00e0 \u00e9tudier le piano \u00e0 9 ans. Apr\u00e8s avoir remport\u00e9 plusieurs concours de piano, il a \u00e9t\u00e9 admis au conservatorio de Lucques, o\u00f9 il a obtenu sous la direction de Mme Nadia Puccinelli son dipl\u00f4me avec excellence en 2004. Pendant ce temps, il a poursuivi des activit\u00e9s de concerts comme pianiste solo ou orchestres comme theOrchestra giovanile dell&#8217;Universit\u00e0 di Pisa et le ch\u0153ur de l&#8217;Ecole Normale de Pise. Il s&#8217;est perfectionn\u00e9 en improvisation jazz avec M. Piero Frassi et s&#8217;est consacr\u00e9 \u00e0 l&#8217;enseignement, et a \u00e9crit une m\u00e9thode pour d&#8217;initiation \u00e0 la musique et instrument.<\/p>\n<p><img loading=\"lazy\" decoding=\"async\" src=\"http:\/\/dev.nu-motion.com\/wordpress\/wp-content\/uploads\/2016\/12\/Alessio-Lucatti-REVO-2-632x423.jpg\" alt=\"\" width=\"235\" height=\"157\" \/><\/p>\n<p>De 2001 \u00e0 2008 il a jou\u00e9 avec Arch\u00e9, un groupe hommage \u00e0 Deep Purple, ce qui lui a permis d&#8217;approfondir les instruments Hammond; il joue ensuite avec Purple Sucker. En Janvier 2006, il devient membre de Vision Divine, avec qui il joue \u00e0 travers le monde. Il enregistre avec le groupe les albums &#8220;The 25th\u00a0Hour&#8221; and &#8220;9 Degrees West of the Moon&#8221;, produit par Timo Tolkki et &#8220;Destination set to Nowhere&#8221; \u00a0(2012-Edel \/ earMUSIC).\u00a0Il a ensuite form\u00e9 Etherna avec son fr\u00e8re Alessandro; leur CD sophomore (Underground Symphony) est sorti en 2008. \u00a0sous le m\u00e9tro Symphony. Il a \u00e9galement fait partie du groupe l\u00e9gendaire White Skull , avec lequel il enregistre en 2009 &#8220;Fight Forever&#8221; sur Dragonheart Records.<\/p>\n<p><a href=\"http:\/\/www.visiondivine.com\/\" target=\"_blank\" rel=\"noopener\">http:\/\/www.visiondivine.com\/<\/a> <a href=\"https:\/\/www.facebook.com\/visiondivineofficial\" target=\"_blank\" rel=\"noopener\">https:\/\/www.facebook.com\/visiondivineofficial<\/a><\/p>\n<p><a href=\"https:\/\/www.facebook.com\/Deathlessmetal\" target=\"_blank\" rel=\"noopener\">https:\/\/www.facebook.com\/Deathlessmetal<\/a><\/p>\n<p><a href=\"https:\/\/www.facebook.com\/alessio.lucatti\">https:\/\/www.facebook.com\/alessio.lucatti<\/a><\/p>\n\t<iframe loading=\"lazy\" title=\"DEATHLESS LEGACY - Legion of the Night feat STEVE SYLVESTER (Death SS) (Official Video)\" width=\"500\" height=\"281\" src=\"https:\/\/www.youtube.com\/embed\/0MEIn3R3UyI?feature=oembed\" frameborder=\"0\" allow=\"accelerometer; autoplay; clipboard-write; encrypted-media; gyroscope; picture-in-picture; web-share\" referrerpolicy=\"strict-origin-when-cross-origin\" allowfullscreen><\/iframe>\n\t<iframe loading=\"lazy\" title=\"Vision Divine Pistoia blues\" width=\"500\" height=\"281\" src=\"https:\/\/www.youtube.com\/embed\/sKwg6mityr0?start=73&#038;feature=oembed\" frameborder=\"0\" allow=\"accelerometer; autoplay; clipboard-write; encrypted-media; gyroscope; picture-in-picture; web-share\" referrerpolicy=\"strict-origin-when-cross-origin\" allowfullscreen><\/iframe>\n\n","protected":false},"excerpt":{"rendered":"<p>Alessio Lucatti Pianiste et clavi\u00e9riste \/ Vision Divine, Etherna Alessio est n\u00e9 en 1982 (Pise, Iraly). Il a commenc\u00e9 \u00e0 \u00e9tudier le piano \u00e0 9 ans. Apr\u00e8s avoir remport\u00e9 plusieurs concours de piano, il a \u00e9t\u00e9 admis au conservatorio de &hellip; <a class=\"kt-excerpt-readmore\" href=\"https:\/\/nu-motion.com\/?page_id=1130\" aria-label=\"Alessio Lucatti\">Read More<\/a><\/p>\n","protected":false},"author":1,"featured_media":0,"parent":1101,"menu_order":0,"comment_status":"closed","ping_status":"closed","template":"page-fullwidth.php","meta":{"kt_blocks_editor_width":"","footnotes":""},"class_list":["post-1130","page","type-page","status-publish","hentry"],"_links":{"self":[{"href":"https:\/\/nu-motion.com\/index.php?rest_route=\/wp\/v2\/pages\/1130","targetHints":{"allow":["GET"]}}],"collection":[{"href":"https:\/\/nu-motion.com\/index.php?rest_route=\/wp\/v2\/pages"}],"about":[{"href":"https:\/\/nu-motion.com\/index.php?rest_route=\/wp\/v2\/types\/page"}],"author":[{"embeddable":true,"href":"https:\/\/nu-motion.com\/index.php?rest_route=\/wp\/v2\/users\/1"}],"replies":[{"embeddable":true,"href":"https:\/\/nu-motion.com\/index.php?rest_route=%2Fwp%2Fv2%2Fcomments&post=1130"}],"version-history":[{"count":13,"href":"https:\/\/nu-motion.com\/index.php?rest_route=\/wp\/v2\/pages\/1130\/revisions"}],"predecessor-version":[{"id":3093,"href":"https:\/\/nu-motion.com\/index.php?rest_route=\/wp\/v2\/pages\/1130\/revisions\/3093"}],"up":[{"embeddable":true,"href":"https:\/\/nu-motion.com\/index.php?rest_route=\/wp\/v2\/pages\/1101"}],"wp:attachment":[{"href":"https:\/\/nu-motion.com\/index.php?rest_route=%2Fwp%2Fv2%2Fmedia&parent=1130"}],"curies":[{"name":"wp","href":"https:\/\/api.w.org\/{rel}","templated":true}]}}