{"id":1127,"date":"2016-12-10T09:56:43","date_gmt":"2016-12-10T14:56:43","guid":{"rendered":"http:\/\/dev.nu-motion.com\/wordpress\/?page_id=1127"},"modified":"2021-09-16T11:53:38","modified_gmt":"2021-09-16T15:53:38","slug":"manuel-ibanez","status":"publish","type":"page","link":"https:\/\/nu-motion.com\/?page_id=1127","title":{"rendered":"Manuel Ibanez"},"content":{"rendered":"\n\n\t<h1>Manuel Iba\u00f1ez<\/h1>\n<h3><img loading=\"lazy\" decoding=\"async\" src=\"http:\/\/nu-motion.com\/wp-content\/uploads\/2016\/12\/Manuel-Ibanez-REVO-201510-1.jpg\" alt=\"\" width=\"257\" height=\"303\" \/><\/h3>\n<h3>Clavi\u00e9riste et compositeur \/ Medina Azahara<\/h3>\n<p>Manuel Iba\u00f1ez est n\u00e9 \u00e0 Cordoue en D\u00e9cembre 1976. Il a \u00e9tudi\u00e9 au Conservatoire Sup\u00e9rieur de Musique de Cordoue, il s&#8217;int\u00e8gre ensuite au monde des orchestres, et au espagnol Medina Azahara en 1998. Dans les rangs de ce groupe l\u00e9gendaire, il a enregistr\u00e9 de nombreux albums et fait de nombreuses tourn\u00e9es \u00e0 travers le pays. En plus de sa grande implication avec Medina Azahara, il collabor\u00e9 avec plusieurs autres groupes et artiste; il figure aux cr\u00e9dits des enregistrements de : Barrio Jose Andrea (Wizard of Oz), Paco Ventura, Trilogy, locusts, etc..<\/p>\n<p>&nbsp;<\/p>\n\n\t<iframe loading=\"lazy\" width=\"1140\" height=\"641\" src=\"https:\/\/www.youtube.com\/embed\/aDU6HtVKPS0?start=450&#038;feature=oembed\" frameborder=\"0\" allowfullscreen><\/iframe>\n\t<iframe loading=\"lazy\" width=\"1140\" height=\"855\" src=\"https:\/\/www.youtube.com\/embed\/hv7cacXLzgI?start=104&#038;feature=oembed\" frameborder=\"0\" allowfullscreen><\/iframe>\n\n","protected":false},"excerpt":{"rendered":"<p>Manuel Iba\u00f1ez Clavi\u00e9riste et compositeur \/ Medina Azahara Manuel Iba\u00f1ez est n\u00e9 \u00e0 Cordoue en D\u00e9cembre 1976. Il a \u00e9tudi\u00e9 au Conservatoire Sup\u00e9rieur de Musique de Cordoue, il s&#8217;int\u00e8gre ensuite au monde des orchestres, et au espagnol Medina Azahara en &hellip; <a class=\"kt-excerpt-readmore\" href=\"https:\/\/nu-motion.com\/?page_id=1127\" aria-label=\"Manuel Ibanez\">Read More<\/a><\/p>\n","protected":false},"author":1,"featured_media":0,"parent":1101,"menu_order":0,"comment_status":"closed","ping_status":"closed","template":"page-fullwidth.php","meta":{"kt_blocks_editor_width":"","footnotes":""},"class_list":["post-1127","page","type-page","status-publish","hentry"],"_links":{"self":[{"href":"https:\/\/nu-motion.com\/index.php?rest_route=\/wp\/v2\/pages\/1127","targetHints":{"allow":["GET"]}}],"collection":[{"href":"https:\/\/nu-motion.com\/index.php?rest_route=\/wp\/v2\/pages"}],"about":[{"href":"https:\/\/nu-motion.com\/index.php?rest_route=\/wp\/v2\/types\/page"}],"author":[{"embeddable":true,"href":"https:\/\/nu-motion.com\/index.php?rest_route=\/wp\/v2\/users\/1"}],"replies":[{"embeddable":true,"href":"https:\/\/nu-motion.com\/index.php?rest_route=%2Fwp%2Fv2%2Fcomments&post=1127"}],"version-history":[{"count":14,"href":"https:\/\/nu-motion.com\/index.php?rest_route=\/wp\/v2\/pages\/1127\/revisions"}],"predecessor-version":[{"id":2972,"href":"https:\/\/nu-motion.com\/index.php?rest_route=\/wp\/v2\/pages\/1127\/revisions\/2972"}],"up":[{"embeddable":true,"href":"https:\/\/nu-motion.com\/index.php?rest_route=\/wp\/v2\/pages\/1101"}],"wp:attachment":[{"href":"https:\/\/nu-motion.com\/index.php?rest_route=%2Fwp%2Fv2%2Fmedia&parent=1127"}],"curies":[{"name":"wp","href":"https:\/\/api.w.org\/{rel}","templated":true}]}}