{"id":1119,"date":"2016-12-10T09:47:37","date_gmt":"2016-12-10T14:47:37","guid":{"rendered":"http:\/\/dev.nu-motion.com\/wordpress\/?page_id=1119"},"modified":"2021-09-16T11:49:03","modified_gmt":"2021-09-16T15:49:03","slug":"coen-janssen","status":"publish","type":"page","link":"https:\/\/nu-motion.com\/?page_id=1119","title":{"rendered":"Coen Janssen"},"content":{"rendered":"\n\n\t<h1>Coen Janssen<\/h1>\n<h3><img loading=\"lazy\" decoding=\"async\" src=\"http:\/\/nu-motion.com\/wp-content\/uploads\/2016\/12\/Coen-Janssen-REVO-201405-1.jpg\" alt=\"\" width=\"274\" height=\"249\" \/><\/h3>\n<h3>Clavi\u00e9riste \/ Epica<\/h3>\n<p>Coen Janssen est clavi\u00e9riste et un des membres fondateurs du groupe n\u00e9erlandais Metal symphonique Epica. Tout jeune, il est attir\u00e9 par le piano et \u00e0 l&#8217;\u00e2ge de 8 ans il commence \u00e0 prendre des le\u00e7ons de piano \u00e0 l&#8217;\u00e9cole de musique locale. Quand il finit l&#8217;\u00e9cole secondaire, Coen \u00e9tudie le piano classique pendant deux ans au Conservatoire de Tilburg (NL) avant de passer au Conservatoire de musique populaire de Rotterdam (Pays-Bas) o\u00f9 il a obtenu son baccalaur\u00e9at en musique.<\/p>\n\n<p>&nbsp;<\/p>\n<p>Comme clavi\u00e9riste d&#8217;Epica, Coen a enregistr\u00e9 cinq albums studio et plusieurs enregistrements live. Il a jou\u00e9 plus de 700 spectacles live dans plus de 40 pays et dans tous les grands festivals internationaux (m\u00e9tal), et effectu\u00e9 de nombreuses tourn\u00e9es en Europe, en Am\u00e9rique du Nord et Am\u00e9rique du Sud. En 2013, apr\u00e8s avoir c\u00e9l\u00e9br\u00e9 le dixi\u00e8me anniversaire d&#8217;Epica, une nouvelle tourn\u00e9e m\u00e8nera le groupe vers de nouveaux territoires, l&#8217;Asie et l&#8217;Australie.Coen est connu pour ses performances live et sa pr\u00e9sence sc\u00e9nique.<\/p>\n<a href=\"https:\/\/www.facebook.com\/CoenJanssenOfficial\" target=\"_blank\" rel=\"noopener\">https:\/\/www.facebook.com\/CoenJanssenOfficial<br \/>\n<\/a><a href=\"http:\/\/www.epica.nl\/\" target=\"_blank\" rel=\"noopener\">http:\/\/www.epica.nl\/<\/a>\n\t<iframe loading=\"lazy\" title=\"EPICA - DANCING IN A HURRICANE LIVE AT THE ZENITH (OFFICIAL LIVE VIDEO)\" width=\"1140\" height=\"641\" src=\"https:\/\/www.youtube.com\/embed\/ENT-EsMyEDg?feature=oembed\" frameborder=\"0\" allow=\"accelerometer; autoplay; encrypted-media; gyroscope; picture-in-picture\" allowfullscreen><\/iframe>\n\t<iframe loading=\"lazy\" title=\"Epica - Live Wacken 2018 (Full Show HD)\" width=\"1140\" height=\"641\" src=\"https:\/\/www.youtube.com\/embed\/Xz4CYvP9UbI?start=729&#038;feature=oembed\" frameborder=\"0\" allow=\"accelerometer; autoplay; clipboard-write; encrypted-media; gyroscope; picture-in-picture\" allowfullscreen><\/iframe>\n\t<iframe loading=\"lazy\" title=\"Epica - Dancing in a Hurricane (live @ Openluchttheater Hertme, Hertme (29-06-2019)\" width=\"1140\" height=\"641\" src=\"https:\/\/www.youtube.com\/embed\/19q_fQP_i88?feature=oembed\" frameborder=\"0\" allow=\"accelerometer; autoplay; encrypted-media; gyroscope; picture-in-picture\" allowfullscreen><\/iframe>\n\t<iframe loading=\"lazy\" width=\"1140\" height=\"641\" src=\"https:\/\/www.youtube.com\/embed\/zToSs_Y2yHk?start=630&#038;feature=oembed\" frameborder=\"0\" allowfullscreen><\/iframe>\n\n","protected":false},"excerpt":{"rendered":"<p>Coen Janssen Clavi\u00e9riste \/ Epica Coen Janssen est clavi\u00e9riste et un des membres fondateurs du groupe n\u00e9erlandais Metal symphonique Epica. Tout jeune, il est attir\u00e9 par le piano et \u00e0 l&#8217;\u00e2ge de 8 ans il commence \u00e0 prendre des le\u00e7ons &hellip; <a class=\"kt-excerpt-readmore\" href=\"https:\/\/nu-motion.com\/?page_id=1119\" aria-label=\"Coen Janssen\">Read More<\/a><\/p>\n","protected":false},"author":1,"featured_media":0,"parent":1101,"menu_order":0,"comment_status":"closed","ping_status":"closed","template":"page-fullwidth.php","meta":{"kt_blocks_editor_width":"","footnotes":""},"class_list":["post-1119","page","type-page","status-publish","hentry"],"_links":{"self":[{"href":"https:\/\/nu-motion.com\/index.php?rest_route=\/wp\/v2\/pages\/1119","targetHints":{"allow":["GET"]}}],"collection":[{"href":"https:\/\/nu-motion.com\/index.php?rest_route=\/wp\/v2\/pages"}],"about":[{"href":"https:\/\/nu-motion.com\/index.php?rest_route=\/wp\/v2\/types\/page"}],"author":[{"embeddable":true,"href":"https:\/\/nu-motion.com\/index.php?rest_route=\/wp\/v2\/users\/1"}],"replies":[{"embeddable":true,"href":"https:\/\/nu-motion.com\/index.php?rest_route=%2Fwp%2Fv2%2Fcomments&post=1119"}],"version-history":[{"count":12,"href":"https:\/\/nu-motion.com\/index.php?rest_route=\/wp\/v2\/pages\/1119\/revisions"}],"predecessor-version":[{"id":2971,"href":"https:\/\/nu-motion.com\/index.php?rest_route=\/wp\/v2\/pages\/1119\/revisions\/2971"}],"up":[{"embeddable":true,"href":"https:\/\/nu-motion.com\/index.php?rest_route=\/wp\/v2\/pages\/1101"}],"wp:attachment":[{"href":"https:\/\/nu-motion.com\/index.php?rest_route=%2Fwp%2Fv2%2Fmedia&parent=1119"}],"curies":[{"name":"wp","href":"https:\/\/api.w.org\/{rel}","templated":true}]}}