{"id":1115,"date":"2016-12-10T09:44:27","date_gmt":"2016-12-10T14:44:27","guid":{"rendered":"http:\/\/dev.nu-motion.com\/wordpress\/?page_id=1115"},"modified":"2019-09-08T13:45:07","modified_gmt":"2019-09-08T17:45:07","slug":"post-1115","status":"publish","type":"page","link":"https:\/\/nu-motion.com\/?page_id=1115","title":{"rendered":"Ric&#8217;Key Pageot"},"content":{"rendered":"\n\t<h1>Ric&#8217;Key Pageot<\/h1>\n<h3><img loading=\"lazy\" decoding=\"async\" src=\"http:\/\/nu-motion.com\/\/wp-content\/uploads\/2016\/12\/4620-2-632x421.jpg\" alt=\"\" width=\"206\" height=\"137\" \/><\/h3>\n<h3>Clavi\u00e9riste\u00a0de renomm\u00e9e internationale, producteur, compositeur\u00a0et directeur musical<\/h3>\n<p>Il est n\u00e9 \u00e0 Montr\u00e9al, au Canada et vit maintenant \u00e0 Los Angeles. Il vient d&#8217;une famille de musiciens d&#8217;origine ha\u00eftienne. Ses parents l&#8217;ont initi\u00e9 au cours de piano classique\u00a0d\u00e8s l&#8217;\u00e2ge de huit ans et il a obtenu\u00a0un baccalaur\u00e9at en interpr\u00e9tation jazz\u00a0de l&#8217;Universit\u00e9 McGill de Montr\u00e9al . Il est devenu \u00e0 l&#8217;\u00e2ge de 28 ans le plus jeune directeur musical jamais engag\u00e9 par le Cirque Du Soleil pour la production Delirium. Ils ont effectu\u00e9 plus de 250 spectacles aux \u00c9tats-Unis et en Europe. Le band se composait de onze musiciens et six chanteurs, dont la chanteuse\u00a0Dessy Di Lauro, son \u00e9pouse. Ric&#8217;key est le producteur de son prochain album.<\/p>\n<p><img loading=\"lazy\" decoding=\"async\" src=\"http:\/\/nu-motion.com\/wp-content\/uploads\/2016\/12\/thumb_Rickey-Pageot-Madonna-2012-1.jpg\" alt=\"\" width=\"143\" height=\"123\" \/><\/p>\n<p>Ric&#8217;key est le clavi\u00e9riste\/pianiste de Madonna lors de\u00a0sa tourn\u00e9e mondiale 2012. En 2009, Ric&#8217;key \u00e9tait aussi le clavi\u00e9riste\/pianiste de Madonna sur la tourn\u00e9e internationale Sticky &amp; Sweet.<\/p>\n<p><a href=\"http:\/\/www.madonna.com\/\" target=\"_blank\">www.madonna.com<\/a><\/p>\n<p><a href=\"http:\/\/www.madonna.com\/tour\" target=\"_blank\">www.madonna.com\/tour<\/a><\/p>\n<p><a href=\"http:\/\/www.dessydilauro.com\/\" target=\"_blank\">www.dessydilauro.com<\/a><\/p>\n<p><a href=\"http:\/\/www.facebook.com\/rpageot\">www.facebook.com\/rpageot<\/a><\/p>\n\t<iframe loading=\"lazy\" width=\"1140\" height=\"641\" src=\"https:\/\/www.youtube.com\/embed\/9i0tH6KAF1E?start=98&#038;feature=oembed\" frameborder=\"0\" allowfullscreen><\/iframe>\n\t<iframe loading=\"lazy\" width=\"1140\" height=\"641\" src=\"https:\/\/www.youtube.com\/embed\/zXbHyde-eDA?feature=oembed\" frameborder=\"0\" allowfullscreen><\/iframe>","protected":false},"excerpt":{"rendered":"<p>Ric&#8217;Key Pageot Clavi\u00e9riste\u00a0de renomm\u00e9e internationale, producteur, compositeur\u00a0et directeur musical Il est n\u00e9 \u00e0 Montr\u00e9al, au Canada et vit maintenant \u00e0 Los Angeles. Il vient d&#8217;une famille de musiciens d&#8217;origine ha\u00eftienne. Ses parents l&#8217;ont initi\u00e9 au cours de piano classique\u00a0d\u00e8s l&#8217;\u00e2ge &hellip; <a class=\"kt-excerpt-readmore\" href=\"https:\/\/nu-motion.com\/?page_id=1115\" aria-label=\"Ric&#8217;Key Pageot\">Read More<\/a><\/p>\n","protected":false},"author":1,"featured_media":0,"parent":1101,"menu_order":0,"comment_status":"closed","ping_status":"closed","template":"page-fullwidth.php","meta":{"kt_blocks_editor_width":"","footnotes":""},"class_list":["post-1115","page","type-page","status-publish","hentry"],"_links":{"self":[{"href":"https:\/\/nu-motion.com\/index.php?rest_route=\/wp\/v2\/pages\/1115","targetHints":{"allow":["GET"]}}],"collection":[{"href":"https:\/\/nu-motion.com\/index.php?rest_route=\/wp\/v2\/pages"}],"about":[{"href":"https:\/\/nu-motion.com\/index.php?rest_route=\/wp\/v2\/types\/page"}],"author":[{"embeddable":true,"href":"https:\/\/nu-motion.com\/index.php?rest_route=\/wp\/v2\/users\/1"}],"replies":[{"embeddable":true,"href":"https:\/\/nu-motion.com\/index.php?rest_route=%2Fwp%2Fv2%2Fcomments&post=1115"}],"version-history":[{"count":11,"href":"https:\/\/nu-motion.com\/index.php?rest_route=\/wp\/v2\/pages\/1115\/revisions"}],"predecessor-version":[{"id":2635,"href":"https:\/\/nu-motion.com\/index.php?rest_route=\/wp\/v2\/pages\/1115\/revisions\/2635"}],"up":[{"embeddable":true,"href":"https:\/\/nu-motion.com\/index.php?rest_route=\/wp\/v2\/pages\/1101"}],"wp:attachment":[{"href":"https:\/\/nu-motion.com\/index.php?rest_route=%2Fwp%2Fv2%2Fmedia&parent=1115"}],"curies":[{"name":"wp","href":"https:\/\/api.w.org\/{rel}","templated":true}]}}