{"id":1111,"date":"2016-12-10T09:38:33","date_gmt":"2016-12-10T14:38:33","guid":{"rendered":"http:\/\/dev.nu-motion.com\/wordpress\/?page_id=1111"},"modified":"2021-07-08T21:59:31","modified_gmt":"2021-07-09T01:59:31","slug":"1111-2","status":"publish","type":"page","link":"https:\/\/nu-motion.com\/?page_id=1111","title":{"rendered":"Jordan Rudess"},"content":{"rendered":"\n<p><strong>Jordan Rudess<\/strong><\/p>\n\n\n\n<figure class=\"wp-block-image size-large is-resized\"><img loading=\"lazy\" decoding=\"async\" src=\"http:\/\/nu-motion.com\/wp-content\/uploads\/2016\/12\/1-1-3.png\" alt=\"\" class=\"wp-image-2116\" width=\"253\" height=\"228\"\/><\/figure>\n\n\n\n<h3><strong>Jordan Rudess, World-renowned keyboardist\/multi-instrumentalist \/ Dream Theater<\/strong><\/h3>\n<p>A neuf ans, Jordan est entr\u00e9 au \u00ab\u00a0Juilliard School of Music Pre-College Division\u00a0\u00bb pour une formation en piano classique, mais en fin de son adolescence il d\u00e9montre un grand int\u00e9r\u00eat\u00a0 pour les synth\u00e9tiseurs et le rock progressif.<\/p>\n<p>Contre l&#8217;avis de ses parents et tuteurs, il se tournera du piano classique au rock progressif comme clavi\u00e9riste solo. Apr\u00e8s divers projets au cours des ann\u00e9es 1980, il a attir\u00e9 l&#8217;attention internationale en 1994 quand il a \u00e9t\u00e9 \u00e9lu &#8220;Meilleur Nouveau Talent&#8221; dans le \u00ab\u00a0Keyboard Magazinereader\u00a0\u00bb apr\u00e8s la sortie de son album Listensolo.<\/p>\n<p>Les deux groupes The Dixie Dregs and Dream Theater l\u2019invite \u00e0 se joindre \u00e0 eux.<\/p>\n<p>Jordan a choisi les Dregs, comme membre \u00e0 temps partiel du group pour ne pas avoir trop \u00a0d&#8217;impact sur sa jeune famille. Avec les Dregs, il forme un duo puissant avec le batteur Rod Morgenstein. La gen\u00e8se de ce jumelage s\u2019est produite lors d&#8217;une panne de courant, o\u00f9 tous les instruments du groupe \u00e9taient en panne, sauf pour Rudess et Morgenstein qui ont improvis\u00e9 brillamment. La chimie entre les deux \u00e9tait si forte qu&#8217;ils ont d\u00e9cid\u00e9 de jouer ensemble sur une base r\u00e9guli\u00e8re (sous le nom Rudess projet \/ Morgenstein ou laterRMP), en plus de lancer un album live et studio. RMP entreprendra une courte tourn\u00e9e aux \u00c9tats-Unis en Novembre 2013.<\/p>\n<p>Avant de rejoindre Dream Theater en Janvier 1999, Jordan s\u2019est li\u00e9 avec avec John Petrucci et Mike Portnoy de Dream Theater, le bassiste Tony Levin de King Crimson et Peter Gabriel, et a enregistr\u00e9 deux albums avec &#8220;Liquid Tension Experiment&#8221;. Rudess a \u00e9t\u00e9 r\u00e9guli\u00e8rement clavi\u00e9riste nomin\u00e9 aux Grammy Awards avec le groupe m\u00e9tal progressif Dream Theater depuis l&#8217;enregistrement de \u00ab\u00a01999\u2032s Metropolis Pt. 2:.<\/p>\n<p>Il a enregistr\u00e9 sept autres albums studio avec le groupe: 2002&#8217;sSix Degr\u00e9s de Inner Turbulence, Train of Thought, de 2005 Octavarium, 2007&#8217;sSystematic Chaos, Black Clouds &amp; Silver Linings de 2009 de 2003, A Dramatic Turn of Events ainsi que leur nouvel album, Dream Theater. En plus, il est apparu sur les albums live et DVD Live Scenes from New York, Live at Budokan, Score, Chaos in Motion et Live at Luna Park.<\/p>\n<p>En plus de travailler avec Dream Theater il a \u00e0 l\u2019occasion enregistr\u00e9 et perform\u00e9 dans d&#8217;autres contextes, un duo unique en 2001 avec Petrucci, incluant le lancement du CD \u00ab\u00a0An Evening With John Petrucci et Jordan Rudess\u00a0\u00bb et une courte tourn\u00e9e am\u00e9ricaine en 2005. Il a \u00e9galement contribu\u00e9 \u00e0 l&#8217;album 2011 de Steven Wilson, Grace for Drowning.<\/p>\n<p>En 2013, Rudess a rejoint avec le bassiste Tony Levin, et le batteur, Marco Minneman, pour cr\u00e9er un nouveau supergroupe, RMT.<\/p>\n<p>En 2010, Rudess a compos\u00e9 \u201cExplorations for Keyboard and Orchestra\u201d, sa premi\u00e8re composition classique. Elle a \u00e9t\u00e9 produite au Venezuela en Novembre 2010 par le \u00a0\u00ab\u00a0Chacao Youth Symphony Orchestra\u00a0\u00bb, avec le chef invit\u00e9 Eren Ba\u015fbu\u011f. Rudess y a jou\u00e9 toutes les parties clavier et synth\u00e9tiseur. Un enregistrement symphonique complet de Explorations sera lanc\u00e9 en D\u00e9cembre 2014, interpr\u00e9t\u00e9 par le Sinfonia Consonus.\u00a0 En Juillet 2011, dans un sondage r\u00e9alis\u00e9 par MusicRadar, Rudess a \u00e9t\u00e9 \u00e9lu meilleur clavi\u00e9riste de tous les temps.<\/p>\n<a href=\"http:\/\/www.jordanrudess.com\/\" target=\"_blank\" rel=\"noopener\">http:\/\/www.jordanrudess.com\/<\/a><br \/>\n<a href=\"https:\/\/www.facebook.com\/jordanrudessofficial\" target=\"_blank\" rel=\"noopener\">https:\/\/www.facebook.com\/jordanrudessofficial<br \/>\n<\/a><a href=\"http:\/\/www.dreamtheater.net\/\" target=\"_blank\" rel=\"noopener\">http:\/\/www.dreamtheater.net\/<\/a>\n\t<iframe loading=\"lazy\" width=\"500\" height=\"281\" src=\"https:\/\/www.youtube.com\/embed\/QjcKqbvHUOw?start=36&#038;feature=oembed\" frameborder=\"0\" allow=\"accelerometer; autoplay; encrypted-media; gyroscope; picture-in-picture\" allowfullscreen><\/iframe>\n\t<iframe loading=\"lazy\" width=\"500\" height=\"281\" src=\"https:\/\/www.youtube.com\/embed\/videoseries?list=PL8BB26EE0752A753E\" frameborder=\"0\" allow=\"accelerometer; autoplay; encrypted-media; gyroscope; picture-in-picture\" allowfullscreen><\/iframe>\n","protected":false},"excerpt":{"rendered":"<p>Jordan Rudess Jordan Rudess, World-renowned keyboardist\/multi-instrumentalist \/ Dream Theater A neuf ans, Jordan est entr\u00e9 au \u00ab\u00a0Juilliard School of Music Pre-College Division\u00a0\u00bb pour une formation en piano classique, mais en fin de son adolescence il d\u00e9montre un grand int\u00e9r\u00eat\u00a0 pour &hellip; <a class=\"kt-excerpt-readmore\" href=\"https:\/\/nu-motion.com\/?page_id=1111\" aria-label=\"Jordan Rudess\">Read More<\/a><\/p>\n","protected":false},"author":1,"featured_media":0,"parent":1101,"menu_order":0,"comment_status":"closed","ping_status":"closed","template":"page-fullwidth.php","meta":{"kt_blocks_editor_width":"","footnotes":""},"class_list":["post-1111","page","type-page","status-publish","hentry"],"_links":{"self":[{"href":"https:\/\/nu-motion.com\/index.php?rest_route=\/wp\/v2\/pages\/1111","targetHints":{"allow":["GET"]}}],"collection":[{"href":"https:\/\/nu-motion.com\/index.php?rest_route=\/wp\/v2\/pages"}],"about":[{"href":"https:\/\/nu-motion.com\/index.php?rest_route=\/wp\/v2\/types\/page"}],"author":[{"embeddable":true,"href":"https:\/\/nu-motion.com\/index.php?rest_route=\/wp\/v2\/users\/1"}],"replies":[{"embeddable":true,"href":"https:\/\/nu-motion.com\/index.php?rest_route=%2Fwp%2Fv2%2Fcomments&post=1111"}],"version-history":[{"count":24,"href":"https:\/\/nu-motion.com\/index.php?rest_route=\/wp\/v2\/pages\/1111\/revisions"}],"predecessor-version":[{"id":2926,"href":"https:\/\/nu-motion.com\/index.php?rest_route=\/wp\/v2\/pages\/1111\/revisions\/2926"}],"up":[{"embeddable":true,"href":"https:\/\/nu-motion.com\/index.php?rest_route=\/wp\/v2\/pages\/1101"}],"wp:attachment":[{"href":"https:\/\/nu-motion.com\/index.php?rest_route=%2Fwp%2Fv2%2Fmedia&parent=1111"}],"curies":[{"name":"wp","href":"https:\/\/api.w.org\/{rel}","templated":true}]}}